{"id":16759,"date":"2025-04-08T16:29:46","date_gmt":"2025-04-08T16:29:46","guid":{"rendered":"https:\/\/anderr.al\/?post_type=product&#038;p=16759"},"modified":"2025-04-08T16:29:46","modified_gmt":"2025-04-08T16:29:46","slug":"kutia-bambu-me-4-ndarje-dhe-mbajtese-dekorative","status":"publish","type":"product","link":"https:\/\/anderr.al\/mk\/product\/kutia-bambu-me-4-ndarje-dhe-mbajtese-dekorative\/","title":{"rendered":"\u0411\u0430\u043c\u0431\u0443\u0441 \u043a\u0443\u0442\u0438\u0458\u0430 \u0441\u043e 4 \u043f\u0440\u0435\u0433\u0440\u0430\u0434\u0438 \u0438 \u0443\u043a\u0440\u0430\u0441\u0435\u043d \u0434\u0440\u0436\u0430\u0447"},"content":{"rendered":"","protected":false},"excerpt":{"rendered":"<table width=\"497\">\n<tbody>\n<tr>\n<td width=\"250\"><strong>\u043c\u0430\u0442\u0435\u0440\u0438\u0458\u0430\u043b<\/strong><\/td>\n<td width=\"247\">\u0414\u0440\u0432\u043e, \u0441\u0442\u0430\u043a\u043b\u043e<\/td>\n<\/tr>\n<tr>\n<td><strong>\u0411\u043e\u0458\u0430<\/strong><\/td>\n<td>\u0414\u0440\u0432\u043e, \u043f\u0440\u043e\u0455\u0438\u0440\u043d\u043e, \u0437\u043b\u0430\u0442\u043d\u0430 \u0431\u043e\u0458\u0430<\/td>\n<\/tr>\n<\/tbody>\n<\/table>\n<table width=\"518\">\n<tbody>\n<tr>\n<td width=\"196\"><\/td>\n<td width=\"119\">\u0414\u043e 3 \u043f\u0430\u043a\u0443\u0432\u0430\u045a\u0430<\/td>\n<td width=\"139\">\u041f\u043e\u0432\u0435\u045c\u0435 \u043e\u0434 3 \u043f\u0430\u043a\u0435\u0442\u0438<\/td>\n<td width=\"64\">\u041f\u043e\u0434\u043d\u0435\u0441\u0443\u0432\u0430\u045a\u0435<\/td>\n<\/tr>\n<tr>\n<td>\u0422\u0440\u0430\u043d\u0441\u043f\u043e\u0440\u0442 \u0432\u043e \u041a\u043e\u0441\u043e\u0432\u043e<\/td>\n<td>\u0431\u0435\u0441\u043f\u043b\u0430\u0442\u043d\u043e<\/td>\n<td>\u0431\u0435\u0441\u043f\u043b\u0430\u0442\u043d\u043e<\/td>\n<td>1-2 \u0440\u0430\u0431\u043e\u0442\u043d\u0438 \u0434\u0435\u043d\u0430<\/td>\n<\/tr>\n<tr>\n<td>\u0422\u0440\u0430\u043d\u0441\u043f\u043e\u0440\u0442 \u0432\u043e \u0410\u043b\u0431\u0430\u043d\u0438\u0458\u0430<\/td>\n<td>3 \u20ac<\/td>\n<td>6 \u20ac<\/td>\n<td>2 \u2013 6 \u0440\u0430\u0431\u043e\u0442\u043d\u0438 \u0434\u0435\u043d\u0430<\/td>\n<\/tr>\n<tr>\n<td>\u0422\u0440\u0430\u043d\u0441\u043f\u043e\u0440\u0442 \u0432\u043e \u041c\u0430\u043a\u0435\u0434\u043e\u043d\u0438\u0458\u0430<\/td>\n<td>3 \u20ac<\/td>\n<td>6 \u20ac<\/td>\n<td>2 \u2013 6 \u0440\u0430\u0431\u043e\u0442\u043d\u0438 \u0434\u0435\u043d\u0430<\/td>\n<\/tr>\n<\/tbody>\n<\/table>\n<p>&nbsp;<\/p>","protected":false},"featured_media":16761,"template":"","meta":[],"product_brand":[],"product_cat":[91,32],"product_tag":[],"class_list":{"0":"post-16759","1":"product","2":"type-product","3":"status-publish","4":"has-post-thumbnail","6":"product_cat-aksesore-kuzhine","7":"product_cat-kuzhine","9":"first","10":"instock","11":"sold-individually","12":"shipping-taxable","13":"purchasable","14":"product-type-simple"},"yoast_head":"<!-- This site is optimized with the Yoast SEO Premium plugin v24.9 (Yoast SEO v27.6) - https:\/\/yoast.com\/product\/yoast-seo-premium-wordpress\/ -->\n<title>Kutia Bambu me 4 Ndarje dhe Mbajt\u00ebse Dekorative - And\u00ebrr Home<\/title>\n<meta name=\"robots\" content=\"index, follow, max-snippet:-1, max-image-preview:large, max-video-preview:-1\" \/>\n<link rel=\"canonical\" href=\"https:\/\/anderr.al\/mk\/product\/kutia-bambu-me-4-ndarje-dhe-mbajtese-dekorative\/\" \/>\n<meta property=\"og:locale\" content=\"mk_MK\" \/>\n<meta property=\"og:type\" content=\"article\" \/>\n<meta property=\"og:title\" content=\"Kutia Bambu me 4 Ndarje dhe Mbajt\u00ebse Dekorative\" \/>\n<meta property=\"og:description\" content=\"Materiali Dru,Qelq   Ngjyra Dru, Transparent, Ngjyr\u00eb Ari        Deri n\u00eb 3 pako M\u00eb shum\u00eb se 3 pako Dor\u00ebzimi   Transporti n\u00eb Kosov\u00eb Falas Falas 1 - 2 dit\u00eb pune   Transporti n\u00eb Shqip\u00ebri 3 \u20ac 6 \u20ac 2 - 6 dit\u00eb pune   Transporti n\u00eb Maqedoni 3 \u20ac 6 \u20ac 2 - 6 dit\u00eb pune    &nbsp;\" \/>\n<meta property=\"og:url\" content=\"https:\/\/anderr.al\/mk\/product\/kutia-bambu-me-4-ndarje-dhe-mbajtese-dekorative\/\" \/>\n<meta property=\"og:site_name\" content=\"And\u00ebrr Home\" \/>\n<meta property=\"article:publisher\" content=\"https:\/\/www.facebook.com\/anderrhome\" \/>\n<meta property=\"og:image\" content=\"https:\/\/anderr.al\/wp-content\/uploads\/2025\/04\/golden-deer-wooden-4-partition-dry-fruit-serving-dish-1-in-Pakistan.webp\" \/>\n\t<meta property=\"og:image:width\" content=\"580\" \/>\n\t<meta property=\"og:image:height\" content=\"580\" \/>\n\t<meta property=\"og:image:type\" content=\"image\/webp\" \/>\n<meta name=\"twitter:card\" content=\"summary_large_image\" \/>\n<script type=\"application\/ld+json\" class=\"yoast-schema-graph\">{\"@context\":\"https:\\\/\\\/schema.org\",\"@graph\":[{\"@type\":\"WebPage\",\"@id\":\"https:\\\/\\\/anderr.al\\\/product\\\/kutia-bambu-me-4-ndarje-dhe-mbajtese-dekorative\\\/\",\"url\":\"https:\\\/\\\/anderr.al\\\/product\\\/kutia-bambu-me-4-ndarje-dhe-mbajtese-dekorative\\\/\",\"name\":\"Kutia Bambu me 4 Ndarje dhe Mbajt\u00ebse Dekorative - And\u00ebrr Home\",\"isPartOf\":{\"@id\":\"https:\\\/\\\/anderr.al\\\/mk\\\/#website\"},\"primaryImageOfPage\":{\"@id\":\"https:\\\/\\\/anderr.al\\\/product\\\/kutia-bambu-me-4-ndarje-dhe-mbajtese-dekorative\\\/#primaryimage\"},\"image\":{\"@id\":\"https:\\\/\\\/anderr.al\\\/product\\\/kutia-bambu-me-4-ndarje-dhe-mbajtese-dekorative\\\/#primaryimage\"},\"thumbnailUrl\":\"https:\\\/\\\/anderr.al\\\/wp-content\\\/uploads\\\/2025\\\/04\\\/golden-deer-wooden-4-partition-dry-fruit-serving-dish-1-in-Pakistan.webp\",\"datePublished\":\"2025-04-08T16:29:46+00:00\",\"breadcrumb\":{\"@id\":\"https:\\\/\\\/anderr.al\\\/product\\\/kutia-bambu-me-4-ndarje-dhe-mbajtese-dekorative\\\/#breadcrumb\"},\"inLanguage\":\"mk-MK\",\"potentialAction\":[{\"@type\":\"ReadAction\",\"target\":[\"https:\\\/\\\/anderr.al\\\/product\\\/kutia-bambu-me-4-ndarje-dhe-mbajtese-dekorative\\\/\"]}]},{\"@type\":\"ImageObject\",\"inLanguage\":\"mk-MK\",\"@id\":\"https:\\\/\\\/anderr.al\\\/product\\\/kutia-bambu-me-4-ndarje-dhe-mbajtese-dekorative\\\/#primaryimage\",\"url\":\"https:\\\/\\\/anderr.al\\\/wp-content\\\/uploads\\\/2025\\\/04\\\/golden-deer-wooden-4-partition-dry-fruit-serving-dish-1-in-Pakistan.webp\",\"contentUrl\":\"https:\\\/\\\/anderr.al\\\/wp-content\\\/uploads\\\/2025\\\/04\\\/golden-deer-wooden-4-partition-dry-fruit-serving-dish-1-in-Pakistan.webp\",\"width\":580,\"height\":580},{\"@type\":\"BreadcrumbList\",\"@id\":\"https:\\\/\\\/anderr.al\\\/product\\\/kutia-bambu-me-4-ndarje-dhe-mbajtese-dekorative\\\/#breadcrumb\",\"itemListElement\":[{\"@type\":\"ListItem\",\"position\":1,\"name\":\"Home\",\"item\":\"https:\\\/\\\/anderr.al\\\/mk\\\/\"},{\"@type\":\"ListItem\",\"position\":2,\"name\":\"Shop\",\"item\":\"https:\\\/\\\/anderr.al\\\/mk\\\/\"},{\"@type\":\"ListItem\",\"position\":3,\"name\":\"Kutia Bambu me 4 Ndarje dhe Mbajt\u00ebse Dekorative\"}]},{\"@type\":\"WebSite\",\"@id\":\"https:\\\/\\\/anderr.al\\\/mk\\\/#website\",\"url\":\"https:\\\/\\\/anderr.al\\\/mk\\\/\",\"name\":\"And\u00ebrr Home\",\"description\":\"But\u00ebsi, si n\u00eb And\u00ebrr\",\"publisher\":{\"@id\":\"https:\\\/\\\/anderr.al\\\/mk\\\/#organization\"},\"potentialAction\":[{\"@type\":\"SearchAction\",\"target\":{\"@type\":\"EntryPoint\",\"urlTemplate\":\"https:\\\/\\\/anderr.al\\\/mk\\\/?s={search_term_string}\"},\"query-input\":{\"@type\":\"PropertyValueSpecification\",\"valueRequired\":true,\"valueName\":\"search_term_string\"}}],\"inLanguage\":\"mk-MK\"},{\"@type\":\"Organization\",\"@id\":\"https:\\\/\\\/anderr.al\\\/mk\\\/#organization\",\"name\":\"And\u00ebrr Home\",\"url\":\"https:\\\/\\\/anderr.al\\\/mk\\\/\",\"logo\":{\"@type\":\"ImageObject\",\"inLanguage\":\"mk-MK\",\"@id\":\"https:\\\/\\\/anderr.al\\\/mk\\\/#\\\/schema\\\/logo\\\/image\\\/\",\"url\":\"https:\\\/\\\/anderr.al\\\/wp-content\\\/uploads\\\/2023\\\/08\\\/Logo-Transparent.png\",\"contentUrl\":\"https:\\\/\\\/anderr.al\\\/wp-content\\\/uploads\\\/2023\\\/08\\\/Logo-Transparent.png\",\"width\":500,\"height\":500,\"caption\":\"And\u00ebrr Home\"},\"image\":{\"@id\":\"https:\\\/\\\/anderr.al\\\/mk\\\/#\\\/schema\\\/logo\\\/image\\\/\"},\"sameAs\":[\"https:\\\/\\\/www.facebook.com\\\/anderrhome\",\"https:\\\/\\\/www.instagram.com\\\/anderrhome\\\/\"],\"foundingDate\":\"2021-02-10\",\"numberOfEmployees\":{\"@type\":\"QuantitativeValue\",\"minValue\":\"1\",\"maxValue\":\"10\"}}]}<\/script>\n<!-- \/ Yoast SEO Premium plugin. -->","yoast_head_json":{"title":"Kutia Bambu me 4 Ndarje dhe Mbajt\u00ebse Dekorative - And\u00ebrr Home","robots":{"index":"index","follow":"follow","max-snippet":"max-snippet:-1","max-image-preview":"max-image-preview:large","max-video-preview":"max-video-preview:-1"},"canonical":"https:\/\/anderr.al\/mk\/product\/kutia-bambu-me-4-ndarje-dhe-mbajtese-dekorative\/","og_locale":"mk_MK","og_type":"article","og_title":"Kutia Bambu me 4 Ndarje dhe Mbajt\u00ebse Dekorative","og_description":"Materiali Dru,Qelq   Ngjyra Dru, Transparent, Ngjyr\u00eb Ari        Deri n\u00eb 3 pako M\u00eb shum\u00eb se 3 pako Dor\u00ebzimi   Transporti n\u00eb Kosov\u00eb Falas Falas 1 - 2 dit\u00eb pune   Transporti n\u00eb Shqip\u00ebri 3 \u20ac 6 \u20ac 2 - 6 dit\u00eb pune   Transporti n\u00eb Maqedoni 3 \u20ac 6 \u20ac 2 - 6 dit\u00eb pune    &nbsp;","og_url":"https:\/\/anderr.al\/mk\/product\/kutia-bambu-me-4-ndarje-dhe-mbajtese-dekorative\/","og_site_name":"And\u00ebrr Home","article_publisher":"https:\/\/www.facebook.com\/anderrhome","og_image":[{"width":580,"height":580,"url":"https:\/\/anderr.al\/wp-content\/uploads\/2025\/04\/golden-deer-wooden-4-partition-dry-fruit-serving-dish-1-in-Pakistan.webp","type":"image\/webp"}],"twitter_card":"summary_large_image","schema":{"@context":"https:\/\/schema.org","@graph":[{"@type":"WebPage","@id":"https:\/\/anderr.al\/product\/kutia-bambu-me-4-ndarje-dhe-mbajtese-dekorative\/","url":"https:\/\/anderr.al\/product\/kutia-bambu-me-4-ndarje-dhe-mbajtese-dekorative\/","name":"Kutia Bambu me 4 Ndarje dhe Mbajt\u00ebse Dekorative - And\u00ebrr Home","isPartOf":{"@id":"https:\/\/anderr.al\/mk\/#website"},"primaryImageOfPage":{"@id":"https:\/\/anderr.al\/product\/kutia-bambu-me-4-ndarje-dhe-mbajtese-dekorative\/#primaryimage"},"image":{"@id":"https:\/\/anderr.al\/product\/kutia-bambu-me-4-ndarje-dhe-mbajtese-dekorative\/#primaryimage"},"thumbnailUrl":"https:\/\/anderr.al\/wp-content\/uploads\/2025\/04\/golden-deer-wooden-4-partition-dry-fruit-serving-dish-1-in-Pakistan.webp","datePublished":"2025-04-08T16:29:46+00:00","breadcrumb":{"@id":"https:\/\/anderr.al\/product\/kutia-bambu-me-4-ndarje-dhe-mbajtese-dekorative\/#breadcrumb"},"inLanguage":"mk-MK","potentialAction":[{"@type":"ReadAction","target":["https:\/\/anderr.al\/product\/kutia-bambu-me-4-ndarje-dhe-mbajtese-dekorative\/"]}]},{"@type":"ImageObject","inLanguage":"mk-MK","@id":"https:\/\/anderr.al\/product\/kutia-bambu-me-4-ndarje-dhe-mbajtese-dekorative\/#primaryimage","url":"https:\/\/anderr.al\/wp-content\/uploads\/2025\/04\/golden-deer-wooden-4-partition-dry-fruit-serving-dish-1-in-Pakistan.webp","contentUrl":"https:\/\/anderr.al\/wp-content\/uploads\/2025\/04\/golden-deer-wooden-4-partition-dry-fruit-serving-dish-1-in-Pakistan.webp","width":580,"height":580},{"@type":"BreadcrumbList","@id":"https:\/\/anderr.al\/product\/kutia-bambu-me-4-ndarje-dhe-mbajtese-dekorative\/#breadcrumb","itemListElement":[{"@type":"ListItem","position":1,"name":"Home","item":"https:\/\/anderr.al\/mk\/"},{"@type":"ListItem","position":2,"name":"Shop","item":"https:\/\/anderr.al\/mk\/"},{"@type":"ListItem","position":3,"name":"Kutia Bambu me 4 Ndarje dhe Mbajt\u00ebse Dekorative"}]},{"@type":"WebSite","@id":"https:\/\/anderr.al\/mk\/#website","url":"https:\/\/anderr.al\/mk\/","name":"And\u00ebrr Home","description":"\u041d\u0435\u0436\u043d\u043e\u0441\u0442, \u043a\u0430\u043a\u043e \u0432\u043e \u0441\u043e\u043d","publisher":{"@id":"https:\/\/anderr.al\/mk\/#organization"},"potentialAction":[{"@type":"SearchAction","target":{"@type":"EntryPoint","urlTemplate":"https:\/\/anderr.al\/mk\/?s={search_term_string}"},"query-input":{"@type":"PropertyValueSpecification","valueRequired":true,"valueName":"search_term_string"}}],"inLanguage":"mk-MK"},{"@type":"Organization","@id":"https:\/\/anderr.al\/mk\/#organization","name":"And\u00ebrr Home","url":"https:\/\/anderr.al\/mk\/","logo":{"@type":"ImageObject","inLanguage":"mk-MK","@id":"https:\/\/anderr.al\/mk\/#\/schema\/logo\/image\/","url":"https:\/\/anderr.al\/wp-content\/uploads\/2023\/08\/Logo-Transparent.png","contentUrl":"https:\/\/anderr.al\/wp-content\/uploads\/2023\/08\/Logo-Transparent.png","width":500,"height":500,"caption":"And\u00ebrr Home"},"image":{"@id":"https:\/\/anderr.al\/mk\/#\/schema\/logo\/image\/"},"sameAs":["https:\/\/www.facebook.com\/anderrhome","https:\/\/www.instagram.com\/anderrhome\/"],"foundingDate":"2021-02-10","numberOfEmployees":{"@type":"QuantitativeValue","minValue":"1","maxValue":"10"}}]}},"_links":{"self":[{"href":"https:\/\/anderr.al\/mk\/wp-json\/wp\/v2\/product\/16759","targetHints":{"allow":["GET"]}}],"collection":[{"href":"https:\/\/anderr.al\/mk\/wp-json\/wp\/v2\/product"}],"about":[{"href":"https:\/\/anderr.al\/mk\/wp-json\/wp\/v2\/types\/product"}],"version-history":[{"count":1,"href":"https:\/\/anderr.al\/mk\/wp-json\/wp\/v2\/product\/16759\/revisions"}],"predecessor-version":[{"id":16763,"href":"https:\/\/anderr.al\/mk\/wp-json\/wp\/v2\/product\/16759\/revisions\/16763"}],"wp:featuredmedia":[{"embeddable":true,"href":"https:\/\/anderr.al\/mk\/wp-json\/wp\/v2\/media\/16761"}],"wp:attachment":[{"href":"https:\/\/anderr.al\/mk\/wp-json\/wp\/v2\/media?parent=16759"}],"wp:term":[{"taxonomy":"product_brand","embeddable":true,"href":"https:\/\/anderr.al\/mk\/wp-json\/wp\/v2\/product_brand?post=16759"},{"taxonomy":"product_cat","embeddable":true,"href":"https:\/\/anderr.al\/mk\/wp-json\/wp\/v2\/product_cat?post=16759"},{"taxonomy":"product_tag","embeddable":true,"href":"https:\/\/anderr.al\/mk\/wp-json\/wp\/v2\/product_tag?post=16759"}],"curies":[{"name":"wp","href":"https:\/\/api.w.org\/{rel}","templated":true}]}}