{"id":16421,"date":"2025-03-09T08:17:33","date_gmt":"2025-03-09T08:17:33","guid":{"rendered":"https:\/\/anderr.al\/?post_type=product&#038;p=16421"},"modified":"2025-04-17T21:07:05","modified_gmt":"2025-04-17T21:07:05","slug":"tepih-me-thurrje-otto-beige-grey","status":"publish","type":"product","link":"https:\/\/anderr.al\/mk\/product\/tepih-me-thurrje-otto-beige-grey\/","title":{"rendered":"\u0422\u043a\u0430\u0435\u043d\u0438\u043e\u0442 \u043a\u0438\u043b\u0438\u043c \u041e\u0442\u043e \u0421\u043c\u043e\u043a\u0438 \u0415\u045f"},"content":{"rendered":"","protected":false},"excerpt":{"rendered":"<table width=\"615\">\n<tbody>\n<tr>\n<td colspan=\"2\" width=\"497\"><strong>\u0421\u041e\u0421\u0422\u0410\u0412 \u0418 \u0414\u0418\u041c\u0415\u041d\u0417\u0418\u0418<\/strong><\/td>\n<td width=\"118\"><\/td>\n<\/tr>\n<tr>\n<td><strong>\u041e\u043f\u0438\u0441<\/strong><\/td>\n<td><strong>\u0414\u0438\u043c\u0435\u043d\u0437\u0438\u0438\u00a0<\/strong><\/td>\n<td><strong>\u0426\u0435\u043d\u0438\u0442\u0435<\/strong><\/td>\n<\/tr>\n<tr>\n<td>\u0422\u0435\u043f\u0438\u0445<\/td>\n<td>150 \u00d7 230 \u0441\u043c<\/td>\n<td>59.99 \u20ac<\/td>\n<\/tr>\n<tr>\n<td>\u0422\u0435\u043f\u0438\u0445<\/td>\n<td>200\u00d7290 \u0441\u043c<\/td>\n<td>89.99 \u20ac<\/td>\n<\/tr>\n<\/tbody>\n<\/table>\n<table width=\"497\">\n<tbody>\n<tr>\n<td width=\"250\">\u043c\u0430\u0442\u0435\u0440\u0438\u0458\u0430\u043b<\/td>\n<td width=\"247\">\u0410\u043a\u0440\u0438\u043b\u043d\u0438 \u0432\u043b\u0430\u043a\u043d\u0430<\/td>\n<\/tr>\n<tr>\n<td>\u0411\u043e\u0458\u0430<\/td>\n<td>\u0414\u0438\u0437\u0430\u0458\u043d\u0438, \u0431\u0435\u0436, \u0441\u0438\u0432\u0430 \u0431\u043e\u0458\u0430<\/td>\n<\/tr>\n<\/tbody>\n<\/table>\n<table width=\"469\">\n<tbody>\n<tr>\n<td width=\"181\"><\/td>\n<td width=\"64\">\u0414\u043e 3 \u043f\u0430\u043a\u0443\u0432\u0430\u045a\u0430<\/td>\n<td width=\"160\">\u041f\u043e\u0432\u0435\u045c\u0435 \u043e\u0434 3 \u043f\u0430\u043a\u0435\u0442\u0438<\/td>\n<td width=\"64\">\u041f\u043e\u0434\u043d\u0435\u0441\u0443\u0432\u0430\u045a\u0435<\/td>\n<\/tr>\n<tr>\n<td>\u0422\u0440\u0430\u043d\u0441\u043f\u043e\u0440\u0442 \u0432\u043e \u041a\u043e\u0441\u043e\u0432\u043e<\/td>\n<td>\u0431\u0435\u0441\u043f\u043b\u0430\u0442\u043d\u043e<\/td>\n<td>\u0431\u0435\u0441\u043f\u043b\u0430\u0442\u043d\u043e<\/td>\n<td>1-2 \u0440\u0430\u0431\u043e\u0442\u043d\u0438 \u0434\u0435\u043d\u0430<\/td>\n<\/tr>\n<tr>\n<td>\u0422\u0440\u0430\u043d\u0441\u043f\u043e\u0440\u0442 \u0432\u043e \u0410\u043b\u0431\u0430\u043d\u0438\u0458\u0430<\/td>\n<td>5 \u20ac<\/td>\n<td>5 \u20ac \u043f\u043e \u0442\u0435\u043f\u0438\u0445<\/td>\n<td>2 \u2013 6 \u0440\u0430\u0431\u043e\u0442\u043d\u0438 \u0434\u0435\u043d\u0430<\/td>\n<\/tr>\n<tr>\n<td>\u0422\u0440\u0430\u043d\u0441\u043f\u043e\u0440\u0442 \u0432\u043e \u041c\u0430\u043a\u0435\u0434\u043e\u043d\u0438\u0458\u0430<\/td>\n<td>5 \u20ac<\/td>\n<td>5 \u20ac \u043f\u043e \u0442\u0435\u043f\u0438\u0445<\/td>\n<td>2 \u2013 6 \u0440\u0430\u0431\u043e\u0442\u043d\u0438 \u0434\u0435\u043d\u0430<\/td>\n<\/tr>\n<\/tbody>\n<\/table>\n<p>&nbsp;<\/p>","protected":false},"featured_media":16422,"template":"","meta":[],"product_brand":[],"product_cat":[23],"product_tag":[],"class_list":{"0":"post-16421","1":"product","2":"type-product","3":"status-publish","4":"has-post-thumbnail","6":"product_cat-tepih","8":"first","9":"instock","10":"sold-individually","11":"shipping-taxable","12":"purchasable","13":"product-type-variable"},"yoast_head":"<!-- This site is optimized with the Yoast SEO Premium plugin v24.9 (Yoast SEO v27.6) - https:\/\/yoast.com\/product\/yoast-seo-premium-wordpress\/ -->\n<title>Tepih me thurrje Otto Smoky Edge - And\u00ebrr Home<\/title>\n<meta name=\"robots\" content=\"index, follow, max-snippet:-1, max-image-preview:large, max-video-preview:-1\" \/>\n<link rel=\"canonical\" href=\"https:\/\/anderr.al\/mk\/product\/tepih-me-thurrje-otto-beige-grey\/\" \/>\n<meta property=\"og:locale\" content=\"mk_MK\" \/>\n<meta property=\"og:type\" content=\"article\" \/>\n<meta property=\"og:title\" content=\"Tepih me thurrje Otto Smoky Edge\" \/>\n<meta property=\"og:description\" content=\"P\u00cbRB\u00cbRJA &amp; P\u00cbRMASAT    P\u00ebrshkrimi P\u00ebrmasat\u00a0 \u00c7mimet   Tepih 150\u00d7230cm 59.99 \u20ac   Tepih 200\u00d7290cm 89.99 \u20ac       Materiali Fibra akrilike   Ngjyra Dizajne, Beige, Gri        Deri n\u00eb 3 pako M\u00eb shum\u00eb se 3 pako Dor\u00ebzimi   Transporti n\u00eb Kosov\u00eb Falas Falas 1 - 2 dit\u00eb pune   Transporti n\u00eb Shqip\u00ebri 5 \u20ac 5\u20ac per tepih \/ tapet 2 - 6 dit\u00eb pune   Transporti n\u00eb Maqedoni 5 \u20ac 5\u20ac per tepih \/ tapet 2 - 6 dit\u00eb pune    &nbsp;\" \/>\n<meta property=\"og:url\" content=\"https:\/\/anderr.al\/mk\/product\/tepih-me-thurrje-otto-beige-grey\/\" \/>\n<meta property=\"og:site_name\" content=\"And\u00ebrr Home\" \/>\n<meta property=\"article:publisher\" content=\"https:\/\/www.facebook.com\/anderrhome\" \/>\n<meta property=\"article:modified_time\" content=\"2025-04-17T21:07:05+00:00\" \/>\n<meta property=\"og:image\" content=\"https:\/\/anderr.al\/wp-content\/uploads\/2025\/03\/WhatsApp-Image-2025-03-07-at-10.30.10-AM-3-scaled.jpeg\" \/>\n\t<meta property=\"og:image:width\" content=\"2560\" \/>\n\t<meta property=\"og:image:height\" content=\"2560\" \/>\n\t<meta property=\"og:image:type\" content=\"image\/jpeg\" \/>\n<meta name=\"twitter:card\" content=\"summary_large_image\" \/>\n<meta name=\"twitter:label1\" content=\"Est. reading time\" \/>\n\t<meta name=\"twitter:data1\" content=\"1 \u043c\u0438\u043d\u0443\u0442\u0430\" \/>\n<script type=\"application\/ld+json\" class=\"yoast-schema-graph\">{\"@context\":\"https:\\\/\\\/schema.org\",\"@graph\":[{\"@type\":\"WebPage\",\"@id\":\"https:\\\/\\\/anderr.al\\\/product\\\/tepih-me-thurrje-otto-beige-grey\\\/\",\"url\":\"https:\\\/\\\/anderr.al\\\/product\\\/tepih-me-thurrje-otto-beige-grey\\\/\",\"name\":\"Tepih me thurrje Otto Smoky Edge - And\u00ebrr Home\",\"isPartOf\":{\"@id\":\"https:\\\/\\\/anderr.al\\\/mk\\\/#website\"},\"primaryImageOfPage\":{\"@id\":\"https:\\\/\\\/anderr.al\\\/product\\\/tepih-me-thurrje-otto-beige-grey\\\/#primaryimage\"},\"image\":{\"@id\":\"https:\\\/\\\/anderr.al\\\/product\\\/tepih-me-thurrje-otto-beige-grey\\\/#primaryimage\"},\"thumbnailUrl\":\"https:\\\/\\\/anderr.al\\\/wp-content\\\/uploads\\\/2025\\\/03\\\/WhatsApp-Image-2025-03-07-at-10.30.10-AM-3-scaled.jpeg\",\"datePublished\":\"2025-03-09T08:17:33+00:00\",\"dateModified\":\"2025-04-17T21:07:05+00:00\",\"breadcrumb\":{\"@id\":\"https:\\\/\\\/anderr.al\\\/product\\\/tepih-me-thurrje-otto-beige-grey\\\/#breadcrumb\"},\"inLanguage\":\"mk-MK\",\"potentialAction\":[{\"@type\":\"ReadAction\",\"target\":[\"https:\\\/\\\/anderr.al\\\/product\\\/tepih-me-thurrje-otto-beige-grey\\\/\"]}]},{\"@type\":\"ImageObject\",\"inLanguage\":\"mk-MK\",\"@id\":\"https:\\\/\\\/anderr.al\\\/product\\\/tepih-me-thurrje-otto-beige-grey\\\/#primaryimage\",\"url\":\"https:\\\/\\\/anderr.al\\\/wp-content\\\/uploads\\\/2025\\\/03\\\/WhatsApp-Image-2025-03-07-at-10.30.10-AM-3-scaled.jpeg\",\"contentUrl\":\"https:\\\/\\\/anderr.al\\\/wp-content\\\/uploads\\\/2025\\\/03\\\/WhatsApp-Image-2025-03-07-at-10.30.10-AM-3-scaled.jpeg\",\"width\":2560,\"height\":2560},{\"@type\":\"BreadcrumbList\",\"@id\":\"https:\\\/\\\/anderr.al\\\/product\\\/tepih-me-thurrje-otto-beige-grey\\\/#breadcrumb\",\"itemListElement\":[{\"@type\":\"ListItem\",\"position\":1,\"name\":\"Home\",\"item\":\"https:\\\/\\\/anderr.al\\\/mk\\\/\"},{\"@type\":\"ListItem\",\"position\":2,\"name\":\"Shop\",\"item\":\"https:\\\/\\\/anderr.al\\\/mk\\\/\"},{\"@type\":\"ListItem\",\"position\":3,\"name\":\"Tepih me thurrje Otto Smoky Edge\"}]},{\"@type\":\"WebSite\",\"@id\":\"https:\\\/\\\/anderr.al\\\/mk\\\/#website\",\"url\":\"https:\\\/\\\/anderr.al\\\/mk\\\/\",\"name\":\"And\u00ebrr Home\",\"description\":\"But\u00ebsi, si n\u00eb And\u00ebrr\",\"publisher\":{\"@id\":\"https:\\\/\\\/anderr.al\\\/mk\\\/#organization\"},\"potentialAction\":[{\"@type\":\"SearchAction\",\"target\":{\"@type\":\"EntryPoint\",\"urlTemplate\":\"https:\\\/\\\/anderr.al\\\/mk\\\/?s={search_term_string}\"},\"query-input\":{\"@type\":\"PropertyValueSpecification\",\"valueRequired\":true,\"valueName\":\"search_term_string\"}}],\"inLanguage\":\"mk-MK\"},{\"@type\":\"Organization\",\"@id\":\"https:\\\/\\\/anderr.al\\\/mk\\\/#organization\",\"name\":\"And\u00ebrr Home\",\"url\":\"https:\\\/\\\/anderr.al\\\/mk\\\/\",\"logo\":{\"@type\":\"ImageObject\",\"inLanguage\":\"mk-MK\",\"@id\":\"https:\\\/\\\/anderr.al\\\/mk\\\/#\\\/schema\\\/logo\\\/image\\\/\",\"url\":\"https:\\\/\\\/anderr.al\\\/wp-content\\\/uploads\\\/2023\\\/08\\\/Logo-Transparent.png\",\"contentUrl\":\"https:\\\/\\\/anderr.al\\\/wp-content\\\/uploads\\\/2023\\\/08\\\/Logo-Transparent.png\",\"width\":500,\"height\":500,\"caption\":\"And\u00ebrr Home\"},\"image\":{\"@id\":\"https:\\\/\\\/anderr.al\\\/mk\\\/#\\\/schema\\\/logo\\\/image\\\/\"},\"sameAs\":[\"https:\\\/\\\/www.facebook.com\\\/anderrhome\",\"https:\\\/\\\/www.instagram.com\\\/anderrhome\\\/\"],\"foundingDate\":\"2021-02-10\",\"numberOfEmployees\":{\"@type\":\"QuantitativeValue\",\"minValue\":\"1\",\"maxValue\":\"10\"}}]}<\/script>\n<!-- \/ Yoast SEO Premium plugin. -->","yoast_head_json":{"title":"Tepih me thurrje Otto Smoky Edge - And\u00ebrr Home","robots":{"index":"index","follow":"follow","max-snippet":"max-snippet:-1","max-image-preview":"max-image-preview:large","max-video-preview":"max-video-preview:-1"},"canonical":"https:\/\/anderr.al\/mk\/product\/tepih-me-thurrje-otto-beige-grey\/","og_locale":"mk_MK","og_type":"article","og_title":"Tepih me thurrje Otto Smoky Edge","og_description":"P\u00cbRB\u00cbRJA &amp; P\u00cbRMASAT    P\u00ebrshkrimi P\u00ebrmasat\u00a0 \u00c7mimet   Tepih 150\u00d7230cm 59.99 \u20ac   Tepih 200\u00d7290cm 89.99 \u20ac       Materiali Fibra akrilike   Ngjyra Dizajne, Beige, Gri        Deri n\u00eb 3 pako M\u00eb shum\u00eb se 3 pako Dor\u00ebzimi   Transporti n\u00eb Kosov\u00eb Falas Falas 1 - 2 dit\u00eb pune   Transporti n\u00eb Shqip\u00ebri 5 \u20ac 5\u20ac per tepih \/ tapet 2 - 6 dit\u00eb pune   Transporti n\u00eb Maqedoni 5 \u20ac 5\u20ac per tepih \/ tapet 2 - 6 dit\u00eb pune    &nbsp;","og_url":"https:\/\/anderr.al\/mk\/product\/tepih-me-thurrje-otto-beige-grey\/","og_site_name":"And\u00ebrr Home","article_publisher":"https:\/\/www.facebook.com\/anderrhome","article_modified_time":"2025-04-17T21:07:05+00:00","og_image":[{"width":2560,"height":2560,"url":"https:\/\/anderr.al\/wp-content\/uploads\/2025\/03\/WhatsApp-Image-2025-03-07-at-10.30.10-AM-3-scaled.jpeg","type":"image\/jpeg"}],"twitter_card":"summary_large_image","twitter_misc":{"Est. reading time":"1 \u043c\u0438\u043d\u0443\u0442\u0430"},"schema":{"@context":"https:\/\/schema.org","@graph":[{"@type":"WebPage","@id":"https:\/\/anderr.al\/product\/tepih-me-thurrje-otto-beige-grey\/","url":"https:\/\/anderr.al\/product\/tepih-me-thurrje-otto-beige-grey\/","name":"Tepih me thurrje Otto Smoky Edge - And\u00ebrr Home","isPartOf":{"@id":"https:\/\/anderr.al\/mk\/#website"},"primaryImageOfPage":{"@id":"https:\/\/anderr.al\/product\/tepih-me-thurrje-otto-beige-grey\/#primaryimage"},"image":{"@id":"https:\/\/anderr.al\/product\/tepih-me-thurrje-otto-beige-grey\/#primaryimage"},"thumbnailUrl":"https:\/\/anderr.al\/wp-content\/uploads\/2025\/03\/WhatsApp-Image-2025-03-07-at-10.30.10-AM-3-scaled.jpeg","datePublished":"2025-03-09T08:17:33+00:00","dateModified":"2025-04-17T21:07:05+00:00","breadcrumb":{"@id":"https:\/\/anderr.al\/product\/tepih-me-thurrje-otto-beige-grey\/#breadcrumb"},"inLanguage":"mk-MK","potentialAction":[{"@type":"ReadAction","target":["https:\/\/anderr.al\/product\/tepih-me-thurrje-otto-beige-grey\/"]}]},{"@type":"ImageObject","inLanguage":"mk-MK","@id":"https:\/\/anderr.al\/product\/tepih-me-thurrje-otto-beige-grey\/#primaryimage","url":"https:\/\/anderr.al\/wp-content\/uploads\/2025\/03\/WhatsApp-Image-2025-03-07-at-10.30.10-AM-3-scaled.jpeg","contentUrl":"https:\/\/anderr.al\/wp-content\/uploads\/2025\/03\/WhatsApp-Image-2025-03-07-at-10.30.10-AM-3-scaled.jpeg","width":2560,"height":2560},{"@type":"BreadcrumbList","@id":"https:\/\/anderr.al\/product\/tepih-me-thurrje-otto-beige-grey\/#breadcrumb","itemListElement":[{"@type":"ListItem","position":1,"name":"Home","item":"https:\/\/anderr.al\/mk\/"},{"@type":"ListItem","position":2,"name":"Shop","item":"https:\/\/anderr.al\/mk\/"},{"@type":"ListItem","position":3,"name":"Tepih me thurrje Otto Smoky Edge"}]},{"@type":"WebSite","@id":"https:\/\/anderr.al\/mk\/#website","url":"https:\/\/anderr.al\/mk\/","name":"And\u00ebrr Home","description":"\u041d\u0435\u0436\u043d\u043e\u0441\u0442, \u043a\u0430\u043a\u043e \u0432\u043e \u0441\u043e\u043d","publisher":{"@id":"https:\/\/anderr.al\/mk\/#organization"},"potentialAction":[{"@type":"SearchAction","target":{"@type":"EntryPoint","urlTemplate":"https:\/\/anderr.al\/mk\/?s={search_term_string}"},"query-input":{"@type":"PropertyValueSpecification","valueRequired":true,"valueName":"search_term_string"}}],"inLanguage":"mk-MK"},{"@type":"Organization","@id":"https:\/\/anderr.al\/mk\/#organization","name":"And\u00ebrr Home","url":"https:\/\/anderr.al\/mk\/","logo":{"@type":"ImageObject","inLanguage":"mk-MK","@id":"https:\/\/anderr.al\/mk\/#\/schema\/logo\/image\/","url":"https:\/\/anderr.al\/wp-content\/uploads\/2023\/08\/Logo-Transparent.png","contentUrl":"https:\/\/anderr.al\/wp-content\/uploads\/2023\/08\/Logo-Transparent.png","width":500,"height":500,"caption":"And\u00ebrr Home"},"image":{"@id":"https:\/\/anderr.al\/mk\/#\/schema\/logo\/image\/"},"sameAs":["https:\/\/www.facebook.com\/anderrhome","https:\/\/www.instagram.com\/anderrhome\/"],"foundingDate":"2021-02-10","numberOfEmployees":{"@type":"QuantitativeValue","minValue":"1","maxValue":"10"}}]}},"_links":{"self":[{"href":"https:\/\/anderr.al\/mk\/wp-json\/wp\/v2\/product\/16421","targetHints":{"allow":["GET"]}}],"collection":[{"href":"https:\/\/anderr.al\/mk\/wp-json\/wp\/v2\/product"}],"about":[{"href":"https:\/\/anderr.al\/mk\/wp-json\/wp\/v2\/types\/product"}],"version-history":[{"count":4,"href":"https:\/\/anderr.al\/mk\/wp-json\/wp\/v2\/product\/16421\/revisions"}],"predecessor-version":[{"id":16803,"href":"https:\/\/anderr.al\/mk\/wp-json\/wp\/v2\/product\/16421\/revisions\/16803"}],"wp:featuredmedia":[{"embeddable":true,"href":"https:\/\/anderr.al\/mk\/wp-json\/wp\/v2\/media\/16422"}],"wp:attachment":[{"href":"https:\/\/anderr.al\/mk\/wp-json\/wp\/v2\/media?parent=16421"}],"wp:term":[{"taxonomy":"product_brand","embeddable":true,"href":"https:\/\/anderr.al\/mk\/wp-json\/wp\/v2\/product_brand?post=16421"},{"taxonomy":"product_cat","embeddable":true,"href":"https:\/\/anderr.al\/mk\/wp-json\/wp\/v2\/product_cat?post=16421"},{"taxonomy":"product_tag","embeddable":true,"href":"https:\/\/anderr.al\/mk\/wp-json\/wp\/v2\/product_tag?post=16421"}],"curies":[{"name":"wp","href":"https:\/\/api.w.org\/{rel}","templated":true}]}}