{"id":16158,"date":"2025-03-05T19:58:29","date_gmt":"2025-03-05T19:58:29","guid":{"rendered":"https:\/\/anderr.al\/?post_type=product&#038;p=16158"},"modified":"2025-04-14T19:24:11","modified_gmt":"2025-04-14T19:24:11","slug":"shporta-me-thurrje-set-3-pjese","status":"publish","type":"product","link":"https:\/\/anderr.al\/mk\/product\/shporta-me-thurrje-set-3-pjese\/","title":{"rendered":"\u041f\u043b\u0435\u0442\u0435\u043d\u0430 \u043a\u043e\u0440\u043f\u0430 \u2013 \u043a\u043e\u043c\u043f\u043b\u0435\u0442 \u043e\u0434 3 \u043f\u0430\u0440\u0447\u0438\u045a\u0430"},"content":{"rendered":"","protected":false},"excerpt":{"rendered":"<table width=\"615\">\n<tbody>\n<tr>\n<td colspan=\"2\" width=\"497\"><strong>\u0421\u041e\u0421\u0422\u0410\u0412 \u0418 \u0414\u0418\u041c\u0415\u041d\u0417\u0418\u0418<\/strong><\/td>\n<td width=\"118\"><\/td>\n<\/tr>\n<tr>\n<td><strong>\u041e\u043f\u0438\u0441<\/strong><\/td>\n<td><strong>\u0438\u0437\u043d\u043e\u0441\u00a0<\/strong><\/td>\n<td><strong>\u0414\u0438\u043c\u0435\u043d\u0437\u0438\u0438<\/strong><\/td>\n<\/tr>\n<tr>\n<td>\u0413\u043e\u043b\u0435\u043c\u0430 \u043a\u043e\u0440\u043f\u0430<\/td>\n<td>1 \u043f\u0430\u0440\u0447\u0435<\/td>\n<td>26\u00d712 \u0441\u043c<\/td>\n<\/tr>\n<tr>\n<td>\u0421\u0440\u0435\u0434\u043d\u0430 \u043a\u043e\u0440\u043f\u0430<\/td>\n<td>1 \u043f\u0430\u0440\u0447\u0435<\/td>\n<td>22 \u00d7 11 \u0441\u043c<\/td>\n<\/tr>\n<tr>\n<td>\u041c\u0430\u043b\u0430 \u043a\u043e\u0440\u043f\u0430<\/td>\n<td>1 \u043f\u0430\u0440\u0447\u0435<\/td>\n<td>18 \u00d7 10 \u0441\u043c<\/td>\n<\/tr>\n<\/tbody>\n<\/table>\n<table width=\"497\">\n<tbody>\n<tr>\n<td width=\"250\"><strong>\u043c\u0430\u0442\u0435\u0440\u0438\u0458\u0430\u043b<\/strong><\/td>\n<td width=\"247\">\u0421\u043e \u043f\u043b\u0435\u0442\u0435\u045a\u0435<\/td>\n<\/tr>\n<tr>\n<td><strong>\u0411\u043e\u0458\u0430<\/strong><\/td>\n<td>\u0431\u0435\u0436<\/td>\n<\/tr>\n<\/tbody>\n<\/table>\n<table width=\"518\">\n<tbody>\n<tr>\n<td width=\"196\"><\/td>\n<td width=\"119\">\u0414\u043e 3 \u043f\u0430\u043a\u0443\u0432\u0430\u045a\u0430<\/td>\n<td width=\"139\">\u041f\u043e\u0432\u0435\u045c\u0435 \u043e\u0434 3 \u043f\u0430\u043a\u0435\u0442\u0438<\/td>\n<td width=\"64\">\u041f\u043e\u0434\u043d\u0435\u0441\u0443\u0432\u0430\u045a\u0435<\/td>\n<\/tr>\n<tr>\n<td>\u0422\u0440\u0430\u043d\u0441\u043f\u043e\u0440\u0442 \u0432\u043e \u041a\u043e\u0441\u043e\u0432\u043e<\/td>\n<td>\u0431\u0435\u0441\u043f\u043b\u0430\u0442\u043d\u043e<\/td>\n<td>\u0431\u0435\u0441\u043f\u043b\u0430\u0442\u043d\u043e<\/td>\n<td>1-2 \u0440\u0430\u0431\u043e\u0442\u043d\u0438 \u0434\u0435\u043d\u0430<\/td>\n<\/tr>\n<tr>\n<td>\u0422\u0440\u0430\u043d\u0441\u043f\u043e\u0440\u0442 \u0432\u043e \u0410\u043b\u0431\u0430\u043d\u0438\u0458\u0430<\/td>\n<td>3 \u20ac<\/td>\n<td>6 \u20ac<\/td>\n<td>2 \u2013 6 \u0440\u0430\u0431\u043e\u0442\u043d\u0438 \u0434\u0435\u043d\u0430<\/td>\n<\/tr>\n<tr>\n<td>\u0422\u0440\u0430\u043d\u0441\u043f\u043e\u0440\u0442 \u0432\u043e \u041c\u0430\u043a\u0435\u0434\u043e\u043d\u0438\u0458\u0430<\/td>\n<td>3 \u20ac<\/td>\n<td>6 \u20ac<\/td>\n<td>2 \u2013 6 \u0440\u0430\u0431\u043e\u0442\u043d\u0438 \u0434\u0435\u043d\u0430<\/td>\n<\/tr>\n<\/tbody>\n<\/table>\n<p>&nbsp;<\/p>","protected":false},"featured_media":16785,"template":"","meta":[],"product_brand":[],"product_cat":[107],"product_tag":[],"class_list":{"0":"post-16158","1":"product","2":"type-product","3":"status-publish","4":"has-post-thumbnail","6":"product_cat-shporta-aksesore","8":"first","9":"instock","10":"sold-individually","11":"shipping-taxable","12":"purchasable","13":"product-type-simple"},"yoast_head":"<!-- This site is optimized with the Yoast SEO Premium plugin v24.9 (Yoast SEO v27.6) - https:\/\/yoast.com\/product\/yoast-seo-premium-wordpress\/ -->\n<title>Shporta me thurrje - set 3 pjes\u00eb - And\u00ebrr Home<\/title>\n<meta name=\"robots\" content=\"index, follow, max-snippet:-1, max-image-preview:large, max-video-preview:-1\" \/>\n<link rel=\"canonical\" href=\"https:\/\/anderr.al\/mk\/product\/shporta-me-thurrje-set-3-pjese\/\" \/>\n<meta property=\"og:locale\" content=\"mk_MK\" \/>\n<meta property=\"og:type\" content=\"article\" \/>\n<meta property=\"og:title\" content=\"Shporta me thurrje - set 3 pjes\u00eb\" \/>\n<meta property=\"og:description\" content=\"P\u00cbRB\u00cbRJA &amp; P\u00cbRMASAT    P\u00ebrshkrimi Sasia\u00a0 P\u00ebrmasat   Shport\u00eb e madhe 1 cop\u00eb 26\u00d712cm   Shport\u00eb e mesme 1 cop\u00eb 22\u00d711cm   Shport\u00eb e vog\u00ebl 1 cope 18\u00d710cm       Materiali Me thurrje   Ngjyra Bezh\u00eb        Deri n\u00eb 3 pako M\u00eb shum\u00eb se 3 pako Dor\u00ebzimi   Transporti n\u00eb Kosov\u00eb Falas Falas 1 - 2 dit\u00eb pune   Transporti n\u00eb Shqip\u00ebri 3 \u20ac 6 \u20ac 2 - 6 dit\u00eb pune   Transporti n\u00eb Maqedoni 3 \u20ac 6 \u20ac 2 - 6 dit\u00eb pune    &nbsp;\" \/>\n<meta property=\"og:url\" content=\"https:\/\/anderr.al\/mk\/product\/shporta-me-thurrje-set-3-pjese\/\" \/>\n<meta property=\"og:site_name\" content=\"And\u00ebrr Home\" \/>\n<meta property=\"article:publisher\" content=\"https:\/\/www.facebook.com\/anderrhome\" \/>\n<meta property=\"article:modified_time\" content=\"2025-04-14T19:24:11+00:00\" \/>\n<meta property=\"og:image\" content=\"https:\/\/anderr.al\/wp-content\/uploads\/2025\/03\/Shporte-me-thurrje-3-pjese-pa-kapak.png\" \/>\n\t<meta property=\"og:image:width\" content=\"1344\" \/>\n\t<meta property=\"og:image:height\" content=\"1344\" \/>\n\t<meta property=\"og:image:type\" content=\"image\/png\" \/>\n<meta name=\"twitter:card\" content=\"summary_large_image\" \/>\n<meta name=\"twitter:label1\" content=\"Est. reading time\" \/>\n\t<meta name=\"twitter:data1\" content=\"1 \u043c\u0438\u043d\u0443\u0442\u0430\" \/>\n<script type=\"application\/ld+json\" class=\"yoast-schema-graph\">{\"@context\":\"https:\\\/\\\/schema.org\",\"@graph\":[{\"@type\":\"WebPage\",\"@id\":\"https:\\\/\\\/anderr.al\\\/product\\\/shporta-me-thurrje-set-3-pjese\\\/\",\"url\":\"https:\\\/\\\/anderr.al\\\/product\\\/shporta-me-thurrje-set-3-pjese\\\/\",\"name\":\"Shporta me thurrje - set 3 pjes\u00eb - And\u00ebrr Home\",\"isPartOf\":{\"@id\":\"https:\\\/\\\/anderr.al\\\/mk\\\/#website\"},\"primaryImageOfPage\":{\"@id\":\"https:\\\/\\\/anderr.al\\\/product\\\/shporta-me-thurrje-set-3-pjese\\\/#primaryimage\"},\"image\":{\"@id\":\"https:\\\/\\\/anderr.al\\\/product\\\/shporta-me-thurrje-set-3-pjese\\\/#primaryimage\"},\"thumbnailUrl\":\"https:\\\/\\\/anderr.al\\\/wp-content\\\/uploads\\\/2025\\\/03\\\/Shporte-me-thurrje-3-pjese-pa-kapak.png\",\"datePublished\":\"2025-03-05T19:58:29+00:00\",\"dateModified\":\"2025-04-14T19:24:11+00:00\",\"breadcrumb\":{\"@id\":\"https:\\\/\\\/anderr.al\\\/product\\\/shporta-me-thurrje-set-3-pjese\\\/#breadcrumb\"},\"inLanguage\":\"mk-MK\",\"potentialAction\":[{\"@type\":\"ReadAction\",\"target\":[\"https:\\\/\\\/anderr.al\\\/product\\\/shporta-me-thurrje-set-3-pjese\\\/\"]}]},{\"@type\":\"ImageObject\",\"inLanguage\":\"mk-MK\",\"@id\":\"https:\\\/\\\/anderr.al\\\/product\\\/shporta-me-thurrje-set-3-pjese\\\/#primaryimage\",\"url\":\"https:\\\/\\\/anderr.al\\\/wp-content\\\/uploads\\\/2025\\\/03\\\/Shporte-me-thurrje-3-pjese-pa-kapak.png\",\"contentUrl\":\"https:\\\/\\\/anderr.al\\\/wp-content\\\/uploads\\\/2025\\\/03\\\/Shporte-me-thurrje-3-pjese-pa-kapak.png\",\"width\":1344,\"height\":1344},{\"@type\":\"BreadcrumbList\",\"@id\":\"https:\\\/\\\/anderr.al\\\/product\\\/shporta-me-thurrje-set-3-pjese\\\/#breadcrumb\",\"itemListElement\":[{\"@type\":\"ListItem\",\"position\":1,\"name\":\"Home\",\"item\":\"https:\\\/\\\/anderr.al\\\/mk\\\/\"},{\"@type\":\"ListItem\",\"position\":2,\"name\":\"Shop\",\"item\":\"https:\\\/\\\/anderr.al\\\/mk\\\/\"},{\"@type\":\"ListItem\",\"position\":3,\"name\":\"Shporta me thurrje &#8211; set 3 pjes\u00eb\"}]},{\"@type\":\"WebSite\",\"@id\":\"https:\\\/\\\/anderr.al\\\/mk\\\/#website\",\"url\":\"https:\\\/\\\/anderr.al\\\/mk\\\/\",\"name\":\"And\u00ebrr Home\",\"description\":\"But\u00ebsi, si n\u00eb And\u00ebrr\",\"publisher\":{\"@id\":\"https:\\\/\\\/anderr.al\\\/mk\\\/#organization\"},\"potentialAction\":[{\"@type\":\"SearchAction\",\"target\":{\"@type\":\"EntryPoint\",\"urlTemplate\":\"https:\\\/\\\/anderr.al\\\/mk\\\/?s={search_term_string}\"},\"query-input\":{\"@type\":\"PropertyValueSpecification\",\"valueRequired\":true,\"valueName\":\"search_term_string\"}}],\"inLanguage\":\"mk-MK\"},{\"@type\":\"Organization\",\"@id\":\"https:\\\/\\\/anderr.al\\\/mk\\\/#organization\",\"name\":\"And\u00ebrr Home\",\"url\":\"https:\\\/\\\/anderr.al\\\/mk\\\/\",\"logo\":{\"@type\":\"ImageObject\",\"inLanguage\":\"mk-MK\",\"@id\":\"https:\\\/\\\/anderr.al\\\/mk\\\/#\\\/schema\\\/logo\\\/image\\\/\",\"url\":\"https:\\\/\\\/anderr.al\\\/wp-content\\\/uploads\\\/2023\\\/08\\\/Logo-Transparent.png\",\"contentUrl\":\"https:\\\/\\\/anderr.al\\\/wp-content\\\/uploads\\\/2023\\\/08\\\/Logo-Transparent.png\",\"width\":500,\"height\":500,\"caption\":\"And\u00ebrr Home\"},\"image\":{\"@id\":\"https:\\\/\\\/anderr.al\\\/mk\\\/#\\\/schema\\\/logo\\\/image\\\/\"},\"sameAs\":[\"https:\\\/\\\/www.facebook.com\\\/anderrhome\",\"https:\\\/\\\/www.instagram.com\\\/anderrhome\\\/\"],\"foundingDate\":\"2021-02-10\",\"numberOfEmployees\":{\"@type\":\"QuantitativeValue\",\"minValue\":\"1\",\"maxValue\":\"10\"}}]}<\/script>\n<!-- \/ Yoast SEO Premium plugin. -->","yoast_head_json":{"title":"Shporta me thurrje - set 3 pjes\u00eb - And\u00ebrr Home","robots":{"index":"index","follow":"follow","max-snippet":"max-snippet:-1","max-image-preview":"max-image-preview:large","max-video-preview":"max-video-preview:-1"},"canonical":"https:\/\/anderr.al\/mk\/product\/shporta-me-thurrje-set-3-pjese\/","og_locale":"mk_MK","og_type":"article","og_title":"Shporta me thurrje - set 3 pjes\u00eb","og_description":"P\u00cbRB\u00cbRJA &amp; P\u00cbRMASAT    P\u00ebrshkrimi Sasia\u00a0 P\u00ebrmasat   Shport\u00eb e madhe 1 cop\u00eb 26\u00d712cm   Shport\u00eb e mesme 1 cop\u00eb 22\u00d711cm   Shport\u00eb e vog\u00ebl 1 cope 18\u00d710cm       Materiali Me thurrje   Ngjyra Bezh\u00eb        Deri n\u00eb 3 pako M\u00eb shum\u00eb se 3 pako Dor\u00ebzimi   Transporti n\u00eb Kosov\u00eb Falas Falas 1 - 2 dit\u00eb pune   Transporti n\u00eb Shqip\u00ebri 3 \u20ac 6 \u20ac 2 - 6 dit\u00eb pune   Transporti n\u00eb Maqedoni 3 \u20ac 6 \u20ac 2 - 6 dit\u00eb pune    &nbsp;","og_url":"https:\/\/anderr.al\/mk\/product\/shporta-me-thurrje-set-3-pjese\/","og_site_name":"And\u00ebrr Home","article_publisher":"https:\/\/www.facebook.com\/anderrhome","article_modified_time":"2025-04-14T19:24:11+00:00","og_image":[{"width":1344,"height":1344,"url":"https:\/\/anderr.al\/wp-content\/uploads\/2025\/03\/Shporte-me-thurrje-3-pjese-pa-kapak.png","type":"image\/png"}],"twitter_card":"summary_large_image","twitter_misc":{"Est. reading time":"1 \u043c\u0438\u043d\u0443\u0442\u0430"},"schema":{"@context":"https:\/\/schema.org","@graph":[{"@type":"WebPage","@id":"https:\/\/anderr.al\/product\/shporta-me-thurrje-set-3-pjese\/","url":"https:\/\/anderr.al\/product\/shporta-me-thurrje-set-3-pjese\/","name":"Shporta me thurrje - set 3 pjes\u00eb - And\u00ebrr Home","isPartOf":{"@id":"https:\/\/anderr.al\/mk\/#website"},"primaryImageOfPage":{"@id":"https:\/\/anderr.al\/product\/shporta-me-thurrje-set-3-pjese\/#primaryimage"},"image":{"@id":"https:\/\/anderr.al\/product\/shporta-me-thurrje-set-3-pjese\/#primaryimage"},"thumbnailUrl":"https:\/\/anderr.al\/wp-content\/uploads\/2025\/03\/Shporte-me-thurrje-3-pjese-pa-kapak.png","datePublished":"2025-03-05T19:58:29+00:00","dateModified":"2025-04-14T19:24:11+00:00","breadcrumb":{"@id":"https:\/\/anderr.al\/product\/shporta-me-thurrje-set-3-pjese\/#breadcrumb"},"inLanguage":"mk-MK","potentialAction":[{"@type":"ReadAction","target":["https:\/\/anderr.al\/product\/shporta-me-thurrje-set-3-pjese\/"]}]},{"@type":"ImageObject","inLanguage":"mk-MK","@id":"https:\/\/anderr.al\/product\/shporta-me-thurrje-set-3-pjese\/#primaryimage","url":"https:\/\/anderr.al\/wp-content\/uploads\/2025\/03\/Shporte-me-thurrje-3-pjese-pa-kapak.png","contentUrl":"https:\/\/anderr.al\/wp-content\/uploads\/2025\/03\/Shporte-me-thurrje-3-pjese-pa-kapak.png","width":1344,"height":1344},{"@type":"BreadcrumbList","@id":"https:\/\/anderr.al\/product\/shporta-me-thurrje-set-3-pjese\/#breadcrumb","itemListElement":[{"@type":"ListItem","position":1,"name":"Home","item":"https:\/\/anderr.al\/mk\/"},{"@type":"ListItem","position":2,"name":"Shop","item":"https:\/\/anderr.al\/mk\/"},{"@type":"ListItem","position":3,"name":"Shporta me thurrje &#8211; set 3 pjes\u00eb"}]},{"@type":"WebSite","@id":"https:\/\/anderr.al\/mk\/#website","url":"https:\/\/anderr.al\/mk\/","name":"And\u00ebrr Home","description":"\u041d\u0435\u0436\u043d\u043e\u0441\u0442, \u043a\u0430\u043a\u043e \u0432\u043e \u0441\u043e\u043d","publisher":{"@id":"https:\/\/anderr.al\/mk\/#organization"},"potentialAction":[{"@type":"SearchAction","target":{"@type":"EntryPoint","urlTemplate":"https:\/\/anderr.al\/mk\/?s={search_term_string}"},"query-input":{"@type":"PropertyValueSpecification","valueRequired":true,"valueName":"search_term_string"}}],"inLanguage":"mk-MK"},{"@type":"Organization","@id":"https:\/\/anderr.al\/mk\/#organization","name":"And\u00ebrr Home","url":"https:\/\/anderr.al\/mk\/","logo":{"@type":"ImageObject","inLanguage":"mk-MK","@id":"https:\/\/anderr.al\/mk\/#\/schema\/logo\/image\/","url":"https:\/\/anderr.al\/wp-content\/uploads\/2023\/08\/Logo-Transparent.png","contentUrl":"https:\/\/anderr.al\/wp-content\/uploads\/2023\/08\/Logo-Transparent.png","width":500,"height":500,"caption":"And\u00ebrr Home"},"image":{"@id":"https:\/\/anderr.al\/mk\/#\/schema\/logo\/image\/"},"sameAs":["https:\/\/www.facebook.com\/anderrhome","https:\/\/www.instagram.com\/anderrhome\/"],"foundingDate":"2021-02-10","numberOfEmployees":{"@type":"QuantitativeValue","minValue":"1","maxValue":"10"}}]}},"_links":{"self":[{"href":"https:\/\/anderr.al\/mk\/wp-json\/wp\/v2\/product\/16158","targetHints":{"allow":["GET"]}}],"collection":[{"href":"https:\/\/anderr.al\/mk\/wp-json\/wp\/v2\/product"}],"about":[{"href":"https:\/\/anderr.al\/mk\/wp-json\/wp\/v2\/types\/product"}],"version-history":[{"count":1,"href":"https:\/\/anderr.al\/mk\/wp-json\/wp\/v2\/product\/16158\/revisions"}],"predecessor-version":[{"id":16596,"href":"https:\/\/anderr.al\/mk\/wp-json\/wp\/v2\/product\/16158\/revisions\/16596"}],"wp:featuredmedia":[{"embeddable":true,"href":"https:\/\/anderr.al\/mk\/wp-json\/wp\/v2\/media\/16785"}],"wp:attachment":[{"href":"https:\/\/anderr.al\/mk\/wp-json\/wp\/v2\/media?parent=16158"}],"wp:term":[{"taxonomy":"product_brand","embeddable":true,"href":"https:\/\/anderr.al\/mk\/wp-json\/wp\/v2\/product_brand?post=16158"},{"taxonomy":"product_cat","embeddable":true,"href":"https:\/\/anderr.al\/mk\/wp-json\/wp\/v2\/product_cat?post=16158"},{"taxonomy":"product_tag","embeddable":true,"href":"https:\/\/anderr.al\/mk\/wp-json\/wp\/v2\/product_tag?post=16158"}],"curies":[{"name":"wp","href":"https:\/\/api.w.org\/{rel}","templated":true}]}}