{"id":16935,"date":"2025-06-03T05:54:00","date_gmt":"2025-06-03T05:54:00","guid":{"rendered":"https:\/\/anderr.al\/?post_type=product&#038;p=16935"},"modified":"2025-06-03T05:54:01","modified_gmt":"2025-06-03T05:54:01","slug":"rrugice-pellush-ngjyra-e-bardhe-180x60cm","status":"publish","type":"product","link":"https:\/\/anderr.al\/en\/product\/rrugice-pellush-ngjyra-e-bardhe-180x60cm\/","title":{"rendered":"Plush alley white color \u2013 180\u00d760cm"},"content":{"rendered":"","protected":false},"excerpt":{"rendered":"<table width=\"497\">\n<tbody>\n<tr>\n<td width=\"250\"><strong>material<\/strong><\/td>\n<td width=\"247\">fur<\/td>\n<\/tr>\n<tr>\n<td><strong>Color<\/strong><\/td>\n<td>White<\/td>\n<\/tr>\n<\/tbody>\n<\/table>\n<table width=\"518\">\n<tbody>\n<tr>\n<td width=\"196\"><\/td>\n<td width=\"119\">Up to 3 pieces<\/td>\n<td width=\"139\">More than 3 pieces<\/td>\n<td width=\"64\">Submission<\/td>\n<\/tr>\n<tr>\n<td>Transport in Kosovo<\/td>\n<td>free<\/td>\n<td>free<\/td>\n<td>1 \u2013 2 business days<\/td>\n<\/tr>\n<tr>\n<td>Transport in Albania<\/td>\n<td>3 \u20ac<\/td>\n<td>6 \u20ac<\/td>\n<td>2 \u2013 6 business days<\/td>\n<\/tr>\n<tr>\n<td>Transport in Macedonia<\/td>\n<td>3 \u20ac<\/td>\n<td>6 \u20ac<\/td>\n<td>2 \u2013 6 business days<\/td>\n<\/tr>\n<\/tbody>\n<\/table>\n<p>&nbsp;<\/p>","protected":false},"featured_media":16938,"template":"","meta":[],"product_brand":[],"product_cat":[23],"product_tag":[],"class_list":{"0":"post-16935","1":"product","2":"type-product","3":"status-publish","4":"has-post-thumbnail","6":"product_cat-tepih","8":"first","9":"instock","10":"sale","11":"sold-individually","12":"shipping-taxable","13":"purchasable","14":"product-type-simple"},"yoast_head":"<!-- This site is optimized with the Yoast SEO Premium plugin v24.9 (Yoast SEO v27.6) - https:\/\/yoast.com\/product\/yoast-seo-premium-wordpress\/ -->\n<title>Rrugic\u00eb pellush ngjyra e bardh\u00eb - 180\u00d760cm - And\u00ebrr Home<\/title>\n<meta name=\"robots\" content=\"index, follow, max-snippet:-1, max-image-preview:large, max-video-preview:-1\" \/>\n<link rel=\"canonical\" href=\"https:\/\/anderr.al\/en\/product\/rrugice-pellush-ngjyra-e-bardhe-180x60cm\/\" \/>\n<meta property=\"og:locale\" content=\"en_US\" \/>\n<meta property=\"og:type\" content=\"article\" \/>\n<meta property=\"og:title\" content=\"Rrugic\u00eb pellush ngjyra e bardh\u00eb - 180\u00d760cm\" \/>\n<meta property=\"og:description\" content=\"Materiali Pellush   Ngjyra Bardh\u00eb        Deri n\u00eb 3 cop\u00eb M\u00eb shum\u00eb se 3 cop\u00eb Dor\u00ebzimi   Transporti n\u00eb Kosov\u00eb Falas Falas 1 - 2 dit\u00eb pune   Transporti n\u00eb Shqip\u00ebri 3 \u20ac 6 \u20ac 2 - 6 dit\u00eb pune   Transporti n\u00eb Maqedoni 3 \u20ac 6 \u20ac 2 - 6 dit\u00eb pune    &nbsp;\" \/>\n<meta property=\"og:url\" content=\"https:\/\/anderr.al\/en\/product\/rrugice-pellush-ngjyra-e-bardhe-180x60cm\/\" \/>\n<meta property=\"og:site_name\" content=\"And\u00ebrr Home\" \/>\n<meta property=\"article:publisher\" content=\"https:\/\/www.facebook.com\/anderrhome\" \/>\n<meta property=\"article:modified_time\" content=\"2025-06-03T05:54:01+00:00\" \/>\n<meta property=\"og:image\" content=\"https:\/\/anderr.al\/wp-content\/uploads\/2025\/06\/a98d7a3c-7b08-449a-8792-d05ab5a60a3f.webp\" \/>\n\t<meta property=\"og:image:width\" content=\"500\" \/>\n\t<meta property=\"og:image:height\" content=\"500\" \/>\n\t<meta property=\"og:image:type\" content=\"image\/webp\" \/>\n<meta name=\"twitter:card\" content=\"summary_large_image\" \/>\n<meta name=\"twitter:label1\" content=\"Est. reading time\" \/>\n\t<meta name=\"twitter:data1\" content=\"1 minute\" \/>\n<script type=\"application\/ld+json\" class=\"yoast-schema-graph\">{\"@context\":\"https:\\\/\\\/schema.org\",\"@graph\":[{\"@type\":\"WebPage\",\"@id\":\"https:\\\/\\\/anderr.al\\\/product\\\/rrugice-pellush-ngjyra-e-bardhe-180x60cm\\\/\",\"url\":\"https:\\\/\\\/anderr.al\\\/product\\\/rrugice-pellush-ngjyra-e-bardhe-180x60cm\\\/\",\"name\":\"Rrugic\u00eb pellush ngjyra e bardh\u00eb - 180\u00d760cm - And\u00ebrr Home\",\"isPartOf\":{\"@id\":\"https:\\\/\\\/anderr.al\\\/mk\\\/#website\"},\"primaryImageOfPage\":{\"@id\":\"https:\\\/\\\/anderr.al\\\/product\\\/rrugice-pellush-ngjyra-e-bardhe-180x60cm\\\/#primaryimage\"},\"image\":{\"@id\":\"https:\\\/\\\/anderr.al\\\/product\\\/rrugice-pellush-ngjyra-e-bardhe-180x60cm\\\/#primaryimage\"},\"thumbnailUrl\":\"https:\\\/\\\/anderr.al\\\/wp-content\\\/uploads\\\/2025\\\/06\\\/a98d7a3c-7b08-449a-8792-d05ab5a60a3f.webp\",\"datePublished\":\"2025-06-03T05:54:00+00:00\",\"dateModified\":\"2025-06-03T05:54:01+00:00\",\"breadcrumb\":{\"@id\":\"https:\\\/\\\/anderr.al\\\/product\\\/rrugice-pellush-ngjyra-e-bardhe-180x60cm\\\/#breadcrumb\"},\"inLanguage\":\"en-US\",\"potentialAction\":[{\"@type\":\"ReadAction\",\"target\":[\"https:\\\/\\\/anderr.al\\\/product\\\/rrugice-pellush-ngjyra-e-bardhe-180x60cm\\\/\"]}]},{\"@type\":\"ImageObject\",\"inLanguage\":\"en-US\",\"@id\":\"https:\\\/\\\/anderr.al\\\/product\\\/rrugice-pellush-ngjyra-e-bardhe-180x60cm\\\/#primaryimage\",\"url\":\"https:\\\/\\\/anderr.al\\\/wp-content\\\/uploads\\\/2025\\\/06\\\/a98d7a3c-7b08-449a-8792-d05ab5a60a3f.webp\",\"contentUrl\":\"https:\\\/\\\/anderr.al\\\/wp-content\\\/uploads\\\/2025\\\/06\\\/a98d7a3c-7b08-449a-8792-d05ab5a60a3f.webp\",\"width\":500,\"height\":500},{\"@type\":\"BreadcrumbList\",\"@id\":\"https:\\\/\\\/anderr.al\\\/product\\\/rrugice-pellush-ngjyra-e-bardhe-180x60cm\\\/#breadcrumb\",\"itemListElement\":[{\"@type\":\"ListItem\",\"position\":1,\"name\":\"Home\",\"item\":\"https:\\\/\\\/anderr.al\\\/mk\\\/\"},{\"@type\":\"ListItem\",\"position\":2,\"name\":\"Shop\",\"item\":\"https:\\\/\\\/anderr.al\\\/mk\\\/\"},{\"@type\":\"ListItem\",\"position\":3,\"name\":\"Rrugic\u00eb pellush ngjyra e bardh\u00eb &#8211; 180\u00d760cm\"}]},{\"@type\":\"WebSite\",\"@id\":\"https:\\\/\\\/anderr.al\\\/mk\\\/#website\",\"url\":\"https:\\\/\\\/anderr.al\\\/mk\\\/\",\"name\":\"And\u00ebrr Home\",\"description\":\"But\u00ebsi, si n\u00eb And\u00ebrr\",\"publisher\":{\"@id\":\"https:\\\/\\\/anderr.al\\\/mk\\\/#organization\"},\"potentialAction\":[{\"@type\":\"SearchAction\",\"target\":{\"@type\":\"EntryPoint\",\"urlTemplate\":\"https:\\\/\\\/anderr.al\\\/mk\\\/?s={search_term_string}\"},\"query-input\":{\"@type\":\"PropertyValueSpecification\",\"valueRequired\":true,\"valueName\":\"search_term_string\"}}],\"inLanguage\":\"en-US\"},{\"@type\":\"Organization\",\"@id\":\"https:\\\/\\\/anderr.al\\\/mk\\\/#organization\",\"name\":\"And\u00ebrr Home\",\"url\":\"https:\\\/\\\/anderr.al\\\/mk\\\/\",\"logo\":{\"@type\":\"ImageObject\",\"inLanguage\":\"en-US\",\"@id\":\"https:\\\/\\\/anderr.al\\\/mk\\\/#\\\/schema\\\/logo\\\/image\\\/\",\"url\":\"https:\\\/\\\/anderr.al\\\/wp-content\\\/uploads\\\/2023\\\/08\\\/Logo-Transparent.png\",\"contentUrl\":\"https:\\\/\\\/anderr.al\\\/wp-content\\\/uploads\\\/2023\\\/08\\\/Logo-Transparent.png\",\"width\":500,\"height\":500,\"caption\":\"And\u00ebrr Home\"},\"image\":{\"@id\":\"https:\\\/\\\/anderr.al\\\/mk\\\/#\\\/schema\\\/logo\\\/image\\\/\"},\"sameAs\":[\"https:\\\/\\\/www.facebook.com\\\/anderrhome\",\"https:\\\/\\\/www.instagram.com\\\/anderrhome\\\/\"],\"foundingDate\":\"2021-02-10\",\"numberOfEmployees\":{\"@type\":\"QuantitativeValue\",\"minValue\":\"1\",\"maxValue\":\"10\"}}]}<\/script>\n<!-- \/ Yoast SEO Premium plugin. -->","yoast_head_json":{"title":"Rrugic\u00eb pellush ngjyra e bardh\u00eb - 180\u00d760cm - And\u00ebrr Home","robots":{"index":"index","follow":"follow","max-snippet":"max-snippet:-1","max-image-preview":"max-image-preview:large","max-video-preview":"max-video-preview:-1"},"canonical":"https:\/\/anderr.al\/en\/product\/rrugice-pellush-ngjyra-e-bardhe-180x60cm\/","og_locale":"en_US","og_type":"article","og_title":"Rrugic\u00eb pellush ngjyra e bardh\u00eb - 180\u00d760cm","og_description":"Materiali Pellush   Ngjyra Bardh\u00eb        Deri n\u00eb 3 cop\u00eb M\u00eb shum\u00eb se 3 cop\u00eb Dor\u00ebzimi   Transporti n\u00eb Kosov\u00eb Falas Falas 1 - 2 dit\u00eb pune   Transporti n\u00eb Shqip\u00ebri 3 \u20ac 6 \u20ac 2 - 6 dit\u00eb pune   Transporti n\u00eb Maqedoni 3 \u20ac 6 \u20ac 2 - 6 dit\u00eb pune    &nbsp;","og_url":"https:\/\/anderr.al\/en\/product\/rrugice-pellush-ngjyra-e-bardhe-180x60cm\/","og_site_name":"And\u00ebrr Home","article_publisher":"https:\/\/www.facebook.com\/anderrhome","article_modified_time":"2025-06-03T05:54:01+00:00","og_image":[{"width":500,"height":500,"url":"https:\/\/anderr.al\/wp-content\/uploads\/2025\/06\/a98d7a3c-7b08-449a-8792-d05ab5a60a3f.webp","type":"image\/webp"}],"twitter_card":"summary_large_image","twitter_misc":{"Est. reading time":"1 minute"},"schema":{"@context":"https:\/\/schema.org","@graph":[{"@type":"WebPage","@id":"https:\/\/anderr.al\/product\/rrugice-pellush-ngjyra-e-bardhe-180x60cm\/","url":"https:\/\/anderr.al\/product\/rrugice-pellush-ngjyra-e-bardhe-180x60cm\/","name":"Rrugic\u00eb pellush ngjyra e bardh\u00eb - 180\u00d760cm - And\u00ebrr Home","isPartOf":{"@id":"https:\/\/anderr.al\/mk\/#website"},"primaryImageOfPage":{"@id":"https:\/\/anderr.al\/product\/rrugice-pellush-ngjyra-e-bardhe-180x60cm\/#primaryimage"},"image":{"@id":"https:\/\/anderr.al\/product\/rrugice-pellush-ngjyra-e-bardhe-180x60cm\/#primaryimage"},"thumbnailUrl":"https:\/\/anderr.al\/wp-content\/uploads\/2025\/06\/a98d7a3c-7b08-449a-8792-d05ab5a60a3f.webp","datePublished":"2025-06-03T05:54:00+00:00","dateModified":"2025-06-03T05:54:01+00:00","breadcrumb":{"@id":"https:\/\/anderr.al\/product\/rrugice-pellush-ngjyra-e-bardhe-180x60cm\/#breadcrumb"},"inLanguage":"en-US","potentialAction":[{"@type":"ReadAction","target":["https:\/\/anderr.al\/product\/rrugice-pellush-ngjyra-e-bardhe-180x60cm\/"]}]},{"@type":"ImageObject","inLanguage":"en-US","@id":"https:\/\/anderr.al\/product\/rrugice-pellush-ngjyra-e-bardhe-180x60cm\/#primaryimage","url":"https:\/\/anderr.al\/wp-content\/uploads\/2025\/06\/a98d7a3c-7b08-449a-8792-d05ab5a60a3f.webp","contentUrl":"https:\/\/anderr.al\/wp-content\/uploads\/2025\/06\/a98d7a3c-7b08-449a-8792-d05ab5a60a3f.webp","width":500,"height":500},{"@type":"BreadcrumbList","@id":"https:\/\/anderr.al\/product\/rrugice-pellush-ngjyra-e-bardhe-180x60cm\/#breadcrumb","itemListElement":[{"@type":"ListItem","position":1,"name":"Home","item":"https:\/\/anderr.al\/mk\/"},{"@type":"ListItem","position":2,"name":"Shop","item":"https:\/\/anderr.al\/mk\/"},{"@type":"ListItem","position":3,"name":"Rrugic\u00eb pellush ngjyra e bardh\u00eb &#8211; 180\u00d760cm"}]},{"@type":"WebSite","@id":"https:\/\/anderr.al\/mk\/#website","url":"https:\/\/anderr.al\/mk\/","name":"Dream Home","description":"But\u00ebsi, si n\u00eb And\u00ebrr","publisher":{"@id":"https:\/\/anderr.al\/mk\/#organization"},"potentialAction":[{"@type":"SearchAction","target":{"@type":"EntryPoint","urlTemplate":"https:\/\/anderr.al\/mk\/?s={search_term_string}"},"query-input":{"@type":"PropertyValueSpecification","valueRequired":true,"valueName":"search_term_string"}}],"inLanguage":"en-US"},{"@type":"Organization","@id":"https:\/\/anderr.al\/mk\/#organization","name":"Dream Home","url":"https:\/\/anderr.al\/mk\/","logo":{"@type":"ImageObject","inLanguage":"en-US","@id":"https:\/\/anderr.al\/mk\/#\/schema\/logo\/image\/","url":"https:\/\/anderr.al\/wp-content\/uploads\/2023\/08\/Logo-Transparent.png","contentUrl":"https:\/\/anderr.al\/wp-content\/uploads\/2023\/08\/Logo-Transparent.png","width":500,"height":500,"caption":"And\u00ebrr Home"},"image":{"@id":"https:\/\/anderr.al\/mk\/#\/schema\/logo\/image\/"},"sameAs":["https:\/\/www.facebook.com\/anderrhome","https:\/\/www.instagram.com\/anderrhome\/"],"foundingDate":"2021-02-10","numberOfEmployees":{"@type":"QuantitativeValue","minValue":"1","maxValue":"10"}}]}},"_links":{"self":[{"href":"https:\/\/anderr.al\/en\/wp-json\/wp\/v2\/product\/16935","targetHints":{"allow":["GET"]}}],"collection":[{"href":"https:\/\/anderr.al\/en\/wp-json\/wp\/v2\/product"}],"about":[{"href":"https:\/\/anderr.al\/en\/wp-json\/wp\/v2\/types\/product"}],"version-history":[{"count":2,"href":"https:\/\/anderr.al\/en\/wp-json\/wp\/v2\/product\/16935\/revisions"}],"predecessor-version":[{"id":16941,"href":"https:\/\/anderr.al\/en\/wp-json\/wp\/v2\/product\/16935\/revisions\/16941"}],"wp:featuredmedia":[{"embeddable":true,"href":"https:\/\/anderr.al\/en\/wp-json\/wp\/v2\/media\/16938"}],"wp:attachment":[{"href":"https:\/\/anderr.al\/en\/wp-json\/wp\/v2\/media?parent=16935"}],"wp:term":[{"taxonomy":"product_brand","embeddable":true,"href":"https:\/\/anderr.al\/en\/wp-json\/wp\/v2\/product_brand?post=16935"},{"taxonomy":"product_cat","embeddable":true,"href":"https:\/\/anderr.al\/en\/wp-json\/wp\/v2\/product_cat?post=16935"},{"taxonomy":"product_tag","embeddable":true,"href":"https:\/\/anderr.al\/en\/wp-json\/wp\/v2\/product_tag?post=16935"}],"curies":[{"name":"wp","href":"https:\/\/api.w.org\/{rel}","templated":true}]}}