{"id":16733,"date":"2025-04-08T08:50:49","date_gmt":"2025-04-08T08:50:49","guid":{"rendered":"https:\/\/anderr.al\/?post_type=product&#038;p=16733"},"modified":"2025-04-14T20:15:35","modified_gmt":"2025-04-14T20:15:35","slug":"carcaf-rezistent","status":"publish","type":"product","link":"https:\/\/anderr.al\/en\/product\/carcaf-rezistent\/","title":{"rendered":"Resistant sheet"},"content":{"rendered":"","protected":false},"excerpt":{"rendered":"<table width=\"457\">\n<tbody>\n<tr>\n<td width=\"230\">Composition &amp; Dimensions<\/td>\n<td width=\"76\"><\/td>\n<td width=\"87\"><\/td>\n<td width=\"64\"><\/td>\n<\/tr>\n<tr>\n<td>scroll<\/td>\n<td>amount<\/td>\n<td>Dimensions<\/td>\n<td>PRICE<\/td>\n<\/tr>\n<tr>\n<td>Resistant sheet<\/td>\n<td>1 piece<\/td>\n<td>200\u00d7200<\/td>\n<td>\u00a017.99 \u20ac<\/td>\n<\/tr>\n<tr>\n<td><\/td>\n<td><\/td>\n<td>180\u00d7200<\/td>\n<td>\u00a016.99 \u20ac<\/td>\n<\/tr>\n<tr>\n<td><\/td>\n<td><\/td>\n<td>160\u00d7200<\/td>\n<td>\u00a015.99 \u20ac<\/td>\n<\/tr>\n<tr>\n<td><\/td>\n<td><\/td>\n<td>100\u00d7200<\/td>\n<td>\u00a013.99 \u20ac<\/td>\n<\/tr>\n<\/tbody>\n<\/table>\n<table width=\"497\">\n<tbody>\n<tr>\n<td width=\"250\"><strong>material<\/strong><\/td>\n<td width=\"247\">Cotton<\/td>\n<\/tr>\n<tr>\n<td><strong>Color<\/strong><\/td>\n<td>White<\/td>\n<\/tr>\n<\/tbody>\n<\/table>\n<table width=\"518\">\n<tbody>\n<tr>\n<td width=\"196\"><\/td>\n<td width=\"119\">Up to 3 packages<\/td>\n<td width=\"139\">More than 3 packages<\/td>\n<td width=\"64\">Submission<\/td>\n<\/tr>\n<tr>\n<td>Transport in Kosovo<\/td>\n<td>free<\/td>\n<td>free<\/td>\n<td>1 \u2013 2 business days<\/td>\n<\/tr>\n<tr>\n<td>Transport in Albania<\/td>\n<td>3 \u20ac<\/td>\n<td>6 \u20ac<\/td>\n<td>2 \u2013 6 business days<\/td>\n<\/tr>\n<tr>\n<td>Transport in Macedonia<\/td>\n<td>3 \u20ac<\/td>\n<td>6 \u20ac<\/td>\n<td>2 \u2013 6 business days<\/td>\n<\/tr>\n<\/tbody>\n<\/table>\n<p>&nbsp;<\/p>","protected":false},"featured_media":16788,"template":"","meta":[],"product_brand":[],"product_cat":[77],"product_tag":[],"class_list":{"0":"post-16733","1":"product","2":"type-product","3":"status-publish","4":"has-post-thumbnail","6":"product_cat-carcaf","8":"first","9":"instock","10":"sold-individually","11":"shipping-taxable","12":"purchasable","13":"product-type-variable"},"yoast_head":"<!-- This site is optimized with the Yoast SEO Premium plugin v24.9 (Yoast SEO v27.6) - https:\/\/yoast.com\/product\/yoast-seo-premium-wordpress\/ -->\n<title>\u00c7ar\u00e7af rezistent - And\u00ebrr Home<\/title>\n<meta name=\"robots\" content=\"index, follow, max-snippet:-1, max-image-preview:large, max-video-preview:-1\" \/>\n<link rel=\"canonical\" href=\"https:\/\/anderr.al\/en\/product\/carcaf-rezistent\/\" \/>\n<meta property=\"og:locale\" content=\"en_US\" \/>\n<meta property=\"og:type\" content=\"article\" \/>\n<meta property=\"og:title\" content=\"\u00c7ar\u00e7af rezistent\" \/>\n<meta property=\"og:description\" content=\"P\u00ebrb\u00ebrja &amp; P\u00ebrmasat      P\u00ebrshkimi Sasia P\u00ebrmasat \u00c7mimi   \u00c7ar\u00e7af rezistent 1 cop\u00eb 200\u00d7200 \u00a017.99 \u20ac     180\u00d7200 \u00a016.99 \u20ac     160\u00d7200 \u00a015.99 \u20ac     100\u00d7200 \u00a013.99 \u20ac       Materiali Pambuk   Ngjyra Bardh\u00eb        Deri n\u00eb 3 pako M\u00eb shum\u00eb se 3 pako Dor\u00ebzimi   Transporti n\u00eb Kosov\u00eb Falas Falas 1 - 2 dit\u00eb pune   Transporti n\u00eb Shqip\u00ebri 3 \u20ac 6 \u20ac 2 - 6 dit\u00eb pune   Transporti n\u00eb Maqedoni 3 \u20ac 6 \u20ac 2 - 6 dit\u00eb pune    &nbsp;\" \/>\n<meta property=\"og:url\" content=\"https:\/\/anderr.al\/en\/product\/carcaf-rezistent\/\" \/>\n<meta property=\"og:site_name\" content=\"And\u00ebrr Home\" \/>\n<meta property=\"article:publisher\" content=\"https:\/\/www.facebook.com\/anderrhome\" \/>\n<meta property=\"article:modified_time\" content=\"2025-04-14T20:15:35+00:00\" \/>\n<meta property=\"og:image\" content=\"https:\/\/anderr.al\/wp-content\/uploads\/2025\/04\/Enet-Fotot-8-1.png\" \/>\n\t<meta property=\"og:image:width\" content=\"1344\" \/>\n\t<meta property=\"og:image:height\" content=\"1344\" \/>\n\t<meta property=\"og:image:type\" content=\"image\/png\" \/>\n<meta name=\"twitter:card\" content=\"summary_large_image\" \/>\n<meta name=\"twitter:label1\" content=\"Est. reading time\" \/>\n\t<meta name=\"twitter:data1\" content=\"1 minute\" \/>\n<script type=\"application\/ld+json\" class=\"yoast-schema-graph\">{\"@context\":\"https:\\\/\\\/schema.org\",\"@graph\":[{\"@type\":\"WebPage\",\"@id\":\"https:\\\/\\\/anderr.al\\\/product\\\/carcaf-rezistent\\\/\",\"url\":\"https:\\\/\\\/anderr.al\\\/product\\\/carcaf-rezistent\\\/\",\"name\":\"\u00c7ar\u00e7af rezistent - And\u00ebrr Home\",\"isPartOf\":{\"@id\":\"https:\\\/\\\/anderr.al\\\/mk\\\/#website\"},\"primaryImageOfPage\":{\"@id\":\"https:\\\/\\\/anderr.al\\\/product\\\/carcaf-rezistent\\\/#primaryimage\"},\"image\":{\"@id\":\"https:\\\/\\\/anderr.al\\\/product\\\/carcaf-rezistent\\\/#primaryimage\"},\"thumbnailUrl\":\"https:\\\/\\\/anderr.al\\\/wp-content\\\/uploads\\\/2025\\\/04\\\/Enet-Fotot-8-1.png\",\"datePublished\":\"2025-04-08T08:50:49+00:00\",\"dateModified\":\"2025-04-14T20:15:35+00:00\",\"breadcrumb\":{\"@id\":\"https:\\\/\\\/anderr.al\\\/product\\\/carcaf-rezistent\\\/#breadcrumb\"},\"inLanguage\":\"en-US\",\"potentialAction\":[{\"@type\":\"ReadAction\",\"target\":[\"https:\\\/\\\/anderr.al\\\/product\\\/carcaf-rezistent\\\/\"]}]},{\"@type\":\"ImageObject\",\"inLanguage\":\"en-US\",\"@id\":\"https:\\\/\\\/anderr.al\\\/product\\\/carcaf-rezistent\\\/#primaryimage\",\"url\":\"https:\\\/\\\/anderr.al\\\/wp-content\\\/uploads\\\/2025\\\/04\\\/Enet-Fotot-8-1.png\",\"contentUrl\":\"https:\\\/\\\/anderr.al\\\/wp-content\\\/uploads\\\/2025\\\/04\\\/Enet-Fotot-8-1.png\",\"width\":1344,\"height\":1344},{\"@type\":\"BreadcrumbList\",\"@id\":\"https:\\\/\\\/anderr.al\\\/product\\\/carcaf-rezistent\\\/#breadcrumb\",\"itemListElement\":[{\"@type\":\"ListItem\",\"position\":1,\"name\":\"Home\",\"item\":\"https:\\\/\\\/anderr.al\\\/mk\\\/\"},{\"@type\":\"ListItem\",\"position\":2,\"name\":\"Shop\",\"item\":\"https:\\\/\\\/anderr.al\\\/mk\\\/\"},{\"@type\":\"ListItem\",\"position\":3,\"name\":\"\u00c7ar\u00e7af rezistent\"}]},{\"@type\":\"WebSite\",\"@id\":\"https:\\\/\\\/anderr.al\\\/mk\\\/#website\",\"url\":\"https:\\\/\\\/anderr.al\\\/mk\\\/\",\"name\":\"And\u00ebrr Home\",\"description\":\"But\u00ebsi, si n\u00eb And\u00ebrr\",\"publisher\":{\"@id\":\"https:\\\/\\\/anderr.al\\\/mk\\\/#organization\"},\"potentialAction\":[{\"@type\":\"SearchAction\",\"target\":{\"@type\":\"EntryPoint\",\"urlTemplate\":\"https:\\\/\\\/anderr.al\\\/mk\\\/?s={search_term_string}\"},\"query-input\":{\"@type\":\"PropertyValueSpecification\",\"valueRequired\":true,\"valueName\":\"search_term_string\"}}],\"inLanguage\":\"en-US\"},{\"@type\":\"Organization\",\"@id\":\"https:\\\/\\\/anderr.al\\\/mk\\\/#organization\",\"name\":\"And\u00ebrr Home\",\"url\":\"https:\\\/\\\/anderr.al\\\/mk\\\/\",\"logo\":{\"@type\":\"ImageObject\",\"inLanguage\":\"en-US\",\"@id\":\"https:\\\/\\\/anderr.al\\\/mk\\\/#\\\/schema\\\/logo\\\/image\\\/\",\"url\":\"https:\\\/\\\/anderr.al\\\/wp-content\\\/uploads\\\/2023\\\/08\\\/Logo-Transparent.png\",\"contentUrl\":\"https:\\\/\\\/anderr.al\\\/wp-content\\\/uploads\\\/2023\\\/08\\\/Logo-Transparent.png\",\"width\":500,\"height\":500,\"caption\":\"And\u00ebrr Home\"},\"image\":{\"@id\":\"https:\\\/\\\/anderr.al\\\/mk\\\/#\\\/schema\\\/logo\\\/image\\\/\"},\"sameAs\":[\"https:\\\/\\\/www.facebook.com\\\/anderrhome\",\"https:\\\/\\\/www.instagram.com\\\/anderrhome\\\/\"],\"foundingDate\":\"2021-02-10\",\"numberOfEmployees\":{\"@type\":\"QuantitativeValue\",\"minValue\":\"1\",\"maxValue\":\"10\"}}]}<\/script>\n<!-- \/ Yoast SEO Premium plugin. -->","yoast_head_json":{"title":"\u00c7ar\u00e7af rezistent - And\u00ebrr Home","robots":{"index":"index","follow":"follow","max-snippet":"max-snippet:-1","max-image-preview":"max-image-preview:large","max-video-preview":"max-video-preview:-1"},"canonical":"https:\/\/anderr.al\/en\/product\/carcaf-rezistent\/","og_locale":"en_US","og_type":"article","og_title":"\u00c7ar\u00e7af rezistent","og_description":"P\u00ebrb\u00ebrja &amp; P\u00ebrmasat      P\u00ebrshkimi Sasia P\u00ebrmasat \u00c7mimi   \u00c7ar\u00e7af rezistent 1 cop\u00eb 200\u00d7200 \u00a017.99 \u20ac     180\u00d7200 \u00a016.99 \u20ac     160\u00d7200 \u00a015.99 \u20ac     100\u00d7200 \u00a013.99 \u20ac       Materiali Pambuk   Ngjyra Bardh\u00eb        Deri n\u00eb 3 pako M\u00eb shum\u00eb se 3 pako Dor\u00ebzimi   Transporti n\u00eb Kosov\u00eb Falas Falas 1 - 2 dit\u00eb pune   Transporti n\u00eb Shqip\u00ebri 3 \u20ac 6 \u20ac 2 - 6 dit\u00eb pune   Transporti n\u00eb Maqedoni 3 \u20ac 6 \u20ac 2 - 6 dit\u00eb pune    &nbsp;","og_url":"https:\/\/anderr.al\/en\/product\/carcaf-rezistent\/","og_site_name":"And\u00ebrr Home","article_publisher":"https:\/\/www.facebook.com\/anderrhome","article_modified_time":"2025-04-14T20:15:35+00:00","og_image":[{"width":1344,"height":1344,"url":"https:\/\/anderr.al\/wp-content\/uploads\/2025\/04\/Enet-Fotot-8-1.png","type":"image\/png"}],"twitter_card":"summary_large_image","twitter_misc":{"Est. reading time":"1 minute"},"schema":{"@context":"https:\/\/schema.org","@graph":[{"@type":"WebPage","@id":"https:\/\/anderr.al\/product\/carcaf-rezistent\/","url":"https:\/\/anderr.al\/product\/carcaf-rezistent\/","name":"\u00c7ar\u00e7af rezistent - And\u00ebrr Home","isPartOf":{"@id":"https:\/\/anderr.al\/mk\/#website"},"primaryImageOfPage":{"@id":"https:\/\/anderr.al\/product\/carcaf-rezistent\/#primaryimage"},"image":{"@id":"https:\/\/anderr.al\/product\/carcaf-rezistent\/#primaryimage"},"thumbnailUrl":"https:\/\/anderr.al\/wp-content\/uploads\/2025\/04\/Enet-Fotot-8-1.png","datePublished":"2025-04-08T08:50:49+00:00","dateModified":"2025-04-14T20:15:35+00:00","breadcrumb":{"@id":"https:\/\/anderr.al\/product\/carcaf-rezistent\/#breadcrumb"},"inLanguage":"en-US","potentialAction":[{"@type":"ReadAction","target":["https:\/\/anderr.al\/product\/carcaf-rezistent\/"]}]},{"@type":"ImageObject","inLanguage":"en-US","@id":"https:\/\/anderr.al\/product\/carcaf-rezistent\/#primaryimage","url":"https:\/\/anderr.al\/wp-content\/uploads\/2025\/04\/Enet-Fotot-8-1.png","contentUrl":"https:\/\/anderr.al\/wp-content\/uploads\/2025\/04\/Enet-Fotot-8-1.png","width":1344,"height":1344},{"@type":"BreadcrumbList","@id":"https:\/\/anderr.al\/product\/carcaf-rezistent\/#breadcrumb","itemListElement":[{"@type":"ListItem","position":1,"name":"Home","item":"https:\/\/anderr.al\/mk\/"},{"@type":"ListItem","position":2,"name":"Shop","item":"https:\/\/anderr.al\/mk\/"},{"@type":"ListItem","position":3,"name":"\u00c7ar\u00e7af rezistent"}]},{"@type":"WebSite","@id":"https:\/\/anderr.al\/mk\/#website","url":"https:\/\/anderr.al\/mk\/","name":"Dream Home","description":"But\u00ebsi, si n\u00eb And\u00ebrr","publisher":{"@id":"https:\/\/anderr.al\/mk\/#organization"},"potentialAction":[{"@type":"SearchAction","target":{"@type":"EntryPoint","urlTemplate":"https:\/\/anderr.al\/mk\/?s={search_term_string}"},"query-input":{"@type":"PropertyValueSpecification","valueRequired":true,"valueName":"search_term_string"}}],"inLanguage":"en-US"},{"@type":"Organization","@id":"https:\/\/anderr.al\/mk\/#organization","name":"Dream Home","url":"https:\/\/anderr.al\/mk\/","logo":{"@type":"ImageObject","inLanguage":"en-US","@id":"https:\/\/anderr.al\/mk\/#\/schema\/logo\/image\/","url":"https:\/\/anderr.al\/wp-content\/uploads\/2023\/08\/Logo-Transparent.png","contentUrl":"https:\/\/anderr.al\/wp-content\/uploads\/2023\/08\/Logo-Transparent.png","width":500,"height":500,"caption":"And\u00ebrr Home"},"image":{"@id":"https:\/\/anderr.al\/mk\/#\/schema\/logo\/image\/"},"sameAs":["https:\/\/www.facebook.com\/anderrhome","https:\/\/www.instagram.com\/anderrhome\/"],"foundingDate":"2021-02-10","numberOfEmployees":{"@type":"QuantitativeValue","minValue":"1","maxValue":"10"}}]}},"_links":{"self":[{"href":"https:\/\/anderr.al\/en\/wp-json\/wp\/v2\/product\/16733","targetHints":{"allow":["GET"]}}],"collection":[{"href":"https:\/\/anderr.al\/en\/wp-json\/wp\/v2\/product"}],"about":[{"href":"https:\/\/anderr.al\/en\/wp-json\/wp\/v2\/types\/product"}],"version-history":[{"count":4,"href":"https:\/\/anderr.al\/en\/wp-json\/wp\/v2\/product\/16733\/revisions"}],"predecessor-version":[{"id":16765,"href":"https:\/\/anderr.al\/en\/wp-json\/wp\/v2\/product\/16733\/revisions\/16765"}],"wp:featuredmedia":[{"embeddable":true,"href":"https:\/\/anderr.al\/en\/wp-json\/wp\/v2\/media\/16788"}],"wp:attachment":[{"href":"https:\/\/anderr.al\/en\/wp-json\/wp\/v2\/media?parent=16733"}],"wp:term":[{"taxonomy":"product_brand","embeddable":true,"href":"https:\/\/anderr.al\/en\/wp-json\/wp\/v2\/product_brand?post=16733"},{"taxonomy":"product_cat","embeddable":true,"href":"https:\/\/anderr.al\/en\/wp-json\/wp\/v2\/product_cat?post=16733"},{"taxonomy":"product_tag","embeddable":true,"href":"https:\/\/anderr.al\/en\/wp-json\/wp\/v2\/product_tag?post=16733"}],"curies":[{"name":"wp","href":"https:\/\/api.w.org\/{rel}","templated":true}]}}