{"id":16525,"date":"2025-03-20T22:00:42","date_gmt":"2025-03-20T22:00:42","guid":{"rendered":"https:\/\/anderr.al\/?post_type=product&#038;p=16525"},"modified":"2025-04-04T05:31:50","modified_gmt":"2025-04-04T05:31:50","slug":"set-carcafesh-dyshe-sunlit-serenity","status":"publish","type":"product","link":"https:\/\/anderr.al\/en\/product\/set-carcafesh-dyshe-sunlit-serenity\/","title":{"rendered":"Sunlit Serenity Double Sheet Set"},"content":{"rendered":"","protected":false},"excerpt":{"rendered":"<table width=\"336\">\n<tbody>\n<tr>\n<td colspan=\"2\" width=\"259\"><strong>COMPOSITION &amp; DIMENSIONS<\/strong><\/td>\n<td width=\"77\"><\/td>\n<\/tr>\n<tr>\n<td><strong>Description<\/strong><\/td>\n<td><strong>amount<\/strong><\/td>\n<td><strong>Dimensions<\/strong><\/td>\n<\/tr>\n<tr>\n<td>sheet<\/td>\n<td>1 piece<\/td>\n<td>200\u00d7220cm<\/td>\n<\/tr>\n<tr>\n<td>Duvet cover<\/td>\n<td>1 piece<\/td>\n<td>220\u00d7230cm<\/td>\n<\/tr>\n<tr>\n<td>Pillowcase<\/td>\n<td>2 pieces<\/td>\n<td>50\u00d780cm<\/td>\n<\/tr>\n<\/tbody>\n<\/table>\n<table width=\"497\">\n<tbody>\n<tr>\n<td width=\"250\"><strong>material<\/strong><\/td>\n<td width=\"247\">Cotton<\/td>\n<\/tr>\n<tr>\n<td><strong>Color<\/strong><\/td>\n<td>Design, Yellow<\/td>\n<\/tr>\n<\/tbody>\n<\/table>\n<table width=\"518\">\n<tbody>\n<tr>\n<td width=\"196\"><\/td>\n<td width=\"119\">Up to 3 packages<\/td>\n<td width=\"139\">More than 3 packages<\/td>\n<td width=\"64\">Submission<\/td>\n<\/tr>\n<tr>\n<td>Transport in Kosovo<\/td>\n<td>free<\/td>\n<td>free<\/td>\n<td>1 \u2013 2 business days<\/td>\n<\/tr>\n<tr>\n<td>Transport in Albania<\/td>\n<td>3 \u20ac<\/td>\n<td>6 \u20ac<\/td>\n<td>2 \u2013 6 business days<\/td>\n<\/tr>\n<tr>\n<td>Transport in Macedonia<\/td>\n<td>3 \u20ac<\/td>\n<td>6 \u20ac<\/td>\n<td>2 \u2013 6 business days<\/td>\n<\/tr>\n<\/tbody>\n<\/table>","protected":false},"featured_media":16526,"template":"","meta":[],"product_brand":[],"product_cat":[77,82],"product_tag":[],"class_list":{"0":"post-16525","1":"product","2":"type-product","3":"status-publish","4":"has-post-thumbnail","6":"product_cat-carcaf","7":"product_cat-carcaf-dopio","9":"first","10":"instock","11":"sale","12":"sold-individually","13":"shipping-taxable","14":"purchasable","15":"product-type-simple"},"yoast_head":"<!-- This site is optimized with the Yoast SEO Premium plugin v24.9 (Yoast SEO v27.6) - https:\/\/yoast.com\/product\/yoast-seo-premium-wordpress\/ -->\n<title>Set Carcaf\u00ebsh dyshe Sunlit Serenity - And\u00ebrr Home<\/title>\n<meta name=\"robots\" content=\"index, follow, max-snippet:-1, max-image-preview:large, max-video-preview:-1\" \/>\n<link rel=\"canonical\" href=\"https:\/\/anderr.al\/en\/product\/set-carcafesh-dyshe-sunlit-serenity\/\" \/>\n<meta property=\"og:locale\" content=\"en_US\" \/>\n<meta property=\"og:type\" content=\"article\" \/>\n<meta property=\"og:title\" content=\"Set Carcaf\u00ebsh dyshe Sunlit Serenity\" \/>\n<meta property=\"og:description\" content=\"P\u00cbRB\u00cbRJA &amp; P\u00cbRMASAT    P\u00ebrshkrimi Sasia P\u00ebrmasat   \u00c7ar\u00e7afi 1 cop\u00eb 200\u00d7220cm   K\u00ebll\u00ebf jorgani 1 cop\u00eb 220\u00d7230cm   K\u00ebll\u00ebf jast\u00ebku 2 cop\u00eb 50\u00d780cm       Materiali Pambuk   Ngjyra Dizajn, Verdh\u00eb        Deri n\u00eb 3 pako M\u00eb shum\u00eb se 3 pako Dor\u00ebzimi   Transporti n\u00eb Kosov\u00eb Falas Falas 1 - 2 dit\u00eb pune   Transporti n\u00eb Shqip\u00ebri 3 \u20ac 6 \u20ac 2 - 6 dit\u00eb pune   Transporti n\u00eb Maqedoni 3 \u20ac 6 \u20ac 2 - 6 dit\u00eb pune\" \/>\n<meta property=\"og:url\" content=\"https:\/\/anderr.al\/en\/product\/set-carcafesh-dyshe-sunlit-serenity\/\" \/>\n<meta property=\"og:site_name\" content=\"And\u00ebrr Home\" \/>\n<meta property=\"article:publisher\" content=\"https:\/\/www.facebook.com\/anderrhome\" \/>\n<meta property=\"article:modified_time\" content=\"2025-04-04T05:31:50+00:00\" \/>\n<meta property=\"og:image\" content=\"https:\/\/anderr.al\/wp-content\/uploads\/2025\/03\/1-1.png\" \/>\n\t<meta property=\"og:image:width\" content=\"1344\" \/>\n\t<meta property=\"og:image:height\" content=\"1344\" \/>\n\t<meta property=\"og:image:type\" content=\"image\/png\" \/>\n<meta name=\"twitter:card\" content=\"summary_large_image\" \/>\n<script type=\"application\/ld+json\" class=\"yoast-schema-graph\">{\"@context\":\"https:\\\/\\\/schema.org\",\"@graph\":[{\"@type\":\"WebPage\",\"@id\":\"https:\\\/\\\/anderr.al\\\/en\\\/product\\\/set-carcafesh-dyshe-sunlit-serenity\\\/\",\"url\":\"https:\\\/\\\/anderr.al\\\/en\\\/product\\\/set-carcafesh-dyshe-sunlit-serenity\\\/\",\"name\":\"Set Carcaf\u00ebsh dyshe Sunlit Serenity - And\u00ebrr Home\",\"isPartOf\":{\"@id\":\"https:\\\/\\\/anderr.al\\\/mk\\\/#website\"},\"primaryImageOfPage\":{\"@id\":\"https:\\\/\\\/anderr.al\\\/en\\\/product\\\/set-carcafesh-dyshe-sunlit-serenity\\\/#primaryimage\"},\"image\":{\"@id\":\"https:\\\/\\\/anderr.al\\\/en\\\/product\\\/set-carcafesh-dyshe-sunlit-serenity\\\/#primaryimage\"},\"thumbnailUrl\":\"https:\\\/\\\/anderr.al\\\/wp-content\\\/uploads\\\/2025\\\/03\\\/1-1.png\",\"datePublished\":\"2025-03-20T22:00:42+00:00\",\"dateModified\":\"2025-04-04T05:31:50+00:00\",\"breadcrumb\":{\"@id\":\"https:\\\/\\\/anderr.al\\\/en\\\/product\\\/set-carcafesh-dyshe-sunlit-serenity\\\/#breadcrumb\"},\"inLanguage\":\"en-US\",\"potentialAction\":[{\"@type\":\"ReadAction\",\"target\":[\"https:\\\/\\\/anderr.al\\\/en\\\/product\\\/set-carcafesh-dyshe-sunlit-serenity\\\/\"]}]},{\"@type\":\"ImageObject\",\"inLanguage\":\"en-US\",\"@id\":\"https:\\\/\\\/anderr.al\\\/en\\\/product\\\/set-carcafesh-dyshe-sunlit-serenity\\\/#primaryimage\",\"url\":\"https:\\\/\\\/anderr.al\\\/wp-content\\\/uploads\\\/2025\\\/03\\\/1-1.png\",\"contentUrl\":\"https:\\\/\\\/anderr.al\\\/wp-content\\\/uploads\\\/2025\\\/03\\\/1-1.png\",\"width\":1344,\"height\":1344},{\"@type\":\"BreadcrumbList\",\"@id\":\"https:\\\/\\\/anderr.al\\\/en\\\/product\\\/set-carcafesh-dyshe-sunlit-serenity\\\/#breadcrumb\",\"itemListElement\":[{\"@type\":\"ListItem\",\"position\":1,\"name\":\"Home\",\"item\":\"https:\\\/\\\/anderr.al\\\/mk\\\/\"},{\"@type\":\"ListItem\",\"position\":2,\"name\":\"Shop\",\"item\":\"https:\\\/\\\/anderr.al\\\/mk\\\/\"},{\"@type\":\"ListItem\",\"position\":3,\"name\":\"Set Carcaf\u00ebsh dyshe Sunlit Serenity\"}]},{\"@type\":\"WebSite\",\"@id\":\"https:\\\/\\\/anderr.al\\\/mk\\\/#website\",\"url\":\"https:\\\/\\\/anderr.al\\\/mk\\\/\",\"name\":\"And\u00ebrr Home\",\"description\":\"But\u00ebsi, si n\u00eb And\u00ebrr\",\"publisher\":{\"@id\":\"https:\\\/\\\/anderr.al\\\/mk\\\/#organization\"},\"potentialAction\":[{\"@type\":\"SearchAction\",\"target\":{\"@type\":\"EntryPoint\",\"urlTemplate\":\"https:\\\/\\\/anderr.al\\\/mk\\\/?s={search_term_string}\"},\"query-input\":{\"@type\":\"PropertyValueSpecification\",\"valueRequired\":true,\"valueName\":\"search_term_string\"}}],\"inLanguage\":\"en-US\"},{\"@type\":\"Organization\",\"@id\":\"https:\\\/\\\/anderr.al\\\/mk\\\/#organization\",\"name\":\"And\u00ebrr Home\",\"url\":\"https:\\\/\\\/anderr.al\\\/mk\\\/\",\"logo\":{\"@type\":\"ImageObject\",\"inLanguage\":\"en-US\",\"@id\":\"https:\\\/\\\/anderr.al\\\/mk\\\/#\\\/schema\\\/logo\\\/image\\\/\",\"url\":\"https:\\\/\\\/anderr.al\\\/wp-content\\\/uploads\\\/2023\\\/08\\\/Logo-Transparent.png\",\"contentUrl\":\"https:\\\/\\\/anderr.al\\\/wp-content\\\/uploads\\\/2023\\\/08\\\/Logo-Transparent.png\",\"width\":500,\"height\":500,\"caption\":\"And\u00ebrr Home\"},\"image\":{\"@id\":\"https:\\\/\\\/anderr.al\\\/mk\\\/#\\\/schema\\\/logo\\\/image\\\/\"},\"sameAs\":[\"https:\\\/\\\/www.facebook.com\\\/anderrhome\",\"https:\\\/\\\/www.instagram.com\\\/anderrhome\\\/\"],\"foundingDate\":\"2021-02-10\",\"numberOfEmployees\":{\"@type\":\"QuantitativeValue\",\"minValue\":\"1\",\"maxValue\":\"10\"}}]}<\/script>\n<!-- \/ Yoast SEO Premium plugin. -->","yoast_head_json":{"title":"Set Carcaf\u00ebsh dyshe Sunlit Serenity - And\u00ebrr Home","robots":{"index":"index","follow":"follow","max-snippet":"max-snippet:-1","max-image-preview":"max-image-preview:large","max-video-preview":"max-video-preview:-1"},"canonical":"https:\/\/anderr.al\/en\/product\/set-carcafesh-dyshe-sunlit-serenity\/","og_locale":"en_US","og_type":"article","og_title":"Set Carcaf\u00ebsh dyshe Sunlit Serenity","og_description":"P\u00cbRB\u00cbRJA &amp; P\u00cbRMASAT    P\u00ebrshkrimi Sasia P\u00ebrmasat   \u00c7ar\u00e7afi 1 cop\u00eb 200\u00d7220cm   K\u00ebll\u00ebf jorgani 1 cop\u00eb 220\u00d7230cm   K\u00ebll\u00ebf jast\u00ebku 2 cop\u00eb 50\u00d780cm       Materiali Pambuk   Ngjyra Dizajn, Verdh\u00eb        Deri n\u00eb 3 pako M\u00eb shum\u00eb se 3 pako Dor\u00ebzimi   Transporti n\u00eb Kosov\u00eb Falas Falas 1 - 2 dit\u00eb pune   Transporti n\u00eb Shqip\u00ebri 3 \u20ac 6 \u20ac 2 - 6 dit\u00eb pune   Transporti n\u00eb Maqedoni 3 \u20ac 6 \u20ac 2 - 6 dit\u00eb pune","og_url":"https:\/\/anderr.al\/en\/product\/set-carcafesh-dyshe-sunlit-serenity\/","og_site_name":"And\u00ebrr Home","article_publisher":"https:\/\/www.facebook.com\/anderrhome","article_modified_time":"2025-04-04T05:31:50+00:00","og_image":[{"width":1344,"height":1344,"url":"https:\/\/anderr.al\/wp-content\/uploads\/2025\/03\/1-1.png","type":"image\/png"}],"twitter_card":"summary_large_image","schema":{"@context":"https:\/\/schema.org","@graph":[{"@type":"WebPage","@id":"https:\/\/anderr.al\/en\/product\/set-carcafesh-dyshe-sunlit-serenity\/","url":"https:\/\/anderr.al\/en\/product\/set-carcafesh-dyshe-sunlit-serenity\/","name":"Set Carcaf\u00ebsh dyshe Sunlit Serenity - And\u00ebrr Home","isPartOf":{"@id":"https:\/\/anderr.al\/mk\/#website"},"primaryImageOfPage":{"@id":"https:\/\/anderr.al\/en\/product\/set-carcafesh-dyshe-sunlit-serenity\/#primaryimage"},"image":{"@id":"https:\/\/anderr.al\/en\/product\/set-carcafesh-dyshe-sunlit-serenity\/#primaryimage"},"thumbnailUrl":"https:\/\/anderr.al\/wp-content\/uploads\/2025\/03\/1-1.png","datePublished":"2025-03-20T22:00:42+00:00","dateModified":"2025-04-04T05:31:50+00:00","breadcrumb":{"@id":"https:\/\/anderr.al\/en\/product\/set-carcafesh-dyshe-sunlit-serenity\/#breadcrumb"},"inLanguage":"en-US","potentialAction":[{"@type":"ReadAction","target":["https:\/\/anderr.al\/en\/product\/set-carcafesh-dyshe-sunlit-serenity\/"]}]},{"@type":"ImageObject","inLanguage":"en-US","@id":"https:\/\/anderr.al\/en\/product\/set-carcafesh-dyshe-sunlit-serenity\/#primaryimage","url":"https:\/\/anderr.al\/wp-content\/uploads\/2025\/03\/1-1.png","contentUrl":"https:\/\/anderr.al\/wp-content\/uploads\/2025\/03\/1-1.png","width":1344,"height":1344},{"@type":"BreadcrumbList","@id":"https:\/\/anderr.al\/en\/product\/set-carcafesh-dyshe-sunlit-serenity\/#breadcrumb","itemListElement":[{"@type":"ListItem","position":1,"name":"Home","item":"https:\/\/anderr.al\/mk\/"},{"@type":"ListItem","position":2,"name":"Shop","item":"https:\/\/anderr.al\/mk\/"},{"@type":"ListItem","position":3,"name":"Set Carcaf\u00ebsh dyshe Sunlit Serenity"}]},{"@type":"WebSite","@id":"https:\/\/anderr.al\/mk\/#website","url":"https:\/\/anderr.al\/mk\/","name":"Dream Home","description":"But\u00ebsi, si n\u00eb And\u00ebrr","publisher":{"@id":"https:\/\/anderr.al\/mk\/#organization"},"potentialAction":[{"@type":"SearchAction","target":{"@type":"EntryPoint","urlTemplate":"https:\/\/anderr.al\/mk\/?s={search_term_string}"},"query-input":{"@type":"PropertyValueSpecification","valueRequired":true,"valueName":"search_term_string"}}],"inLanguage":"en-US"},{"@type":"Organization","@id":"https:\/\/anderr.al\/mk\/#organization","name":"Dream Home","url":"https:\/\/anderr.al\/mk\/","logo":{"@type":"ImageObject","inLanguage":"en-US","@id":"https:\/\/anderr.al\/mk\/#\/schema\/logo\/image\/","url":"https:\/\/anderr.al\/wp-content\/uploads\/2023\/08\/Logo-Transparent.png","contentUrl":"https:\/\/anderr.al\/wp-content\/uploads\/2023\/08\/Logo-Transparent.png","width":500,"height":500,"caption":"And\u00ebrr Home"},"image":{"@id":"https:\/\/anderr.al\/mk\/#\/schema\/logo\/image\/"},"sameAs":["https:\/\/www.facebook.com\/anderrhome","https:\/\/www.instagram.com\/anderrhome\/"],"foundingDate":"2021-02-10","numberOfEmployees":{"@type":"QuantitativeValue","minValue":"1","maxValue":"10"}}]}},"_links":{"self":[{"href":"https:\/\/anderr.al\/en\/wp-json\/wp\/v2\/product\/16525","targetHints":{"allow":["GET"]}}],"collection":[{"href":"https:\/\/anderr.al\/en\/wp-json\/wp\/v2\/product"}],"about":[{"href":"https:\/\/anderr.al\/en\/wp-json\/wp\/v2\/types\/product"}],"version-history":[{"count":3,"href":"https:\/\/anderr.al\/en\/wp-json\/wp\/v2\/product\/16525\/revisions"}],"predecessor-version":[{"id":16547,"href":"https:\/\/anderr.al\/en\/wp-json\/wp\/v2\/product\/16525\/revisions\/16547"}],"wp:featuredmedia":[{"embeddable":true,"href":"https:\/\/anderr.al\/en\/wp-json\/wp\/v2\/media\/16526"}],"wp:attachment":[{"href":"https:\/\/anderr.al\/en\/wp-json\/wp\/v2\/media?parent=16525"}],"wp:term":[{"taxonomy":"product_brand","embeddable":true,"href":"https:\/\/anderr.al\/en\/wp-json\/wp\/v2\/product_brand?post=16525"},{"taxonomy":"product_cat","embeddable":true,"href":"https:\/\/anderr.al\/en\/wp-json\/wp\/v2\/product_cat?post=16525"},{"taxonomy":"product_tag","embeddable":true,"href":"https:\/\/anderr.al\/en\/wp-json\/wp\/v2\/product_tag?post=16525"}],"curies":[{"name":"wp","href":"https:\/\/api.w.org\/{rel}","templated":true}]}}