{"id":16290,"date":"2025-03-07T08:09:07","date_gmt":"2025-03-07T08:09:07","guid":{"rendered":"https:\/\/anderr.al\/?post_type=product&#038;p=16290"},"modified":"2025-04-04T05:41:18","modified_gmt":"2025-04-04T05:41:18","slug":"set-pjatash-ceramike-violet-bloom-6-persona","status":"publish","type":"product","link":"https:\/\/anderr.al\/en\/product\/set-pjatash-ceramike-violet-bloom-6-persona\/","title":{"rendered":"Violet Bloom Ceramic Plate Set \u2013 6 people"},"content":{"rendered":"","protected":false},"excerpt":{"rendered":"<table width=\"615\">\n<tbody>\n<tr>\n<td colspan=\"2\" width=\"497\"><strong>COMPOSITION &amp; DIMENSIONS<\/strong><\/td>\n<td width=\"118\"><\/td>\n<\/tr>\n<tr>\n<td><strong>Description<\/strong><\/td>\n<td><strong>amount\u00a0<\/strong><\/td>\n<td><strong>Dimensions<\/strong><\/td>\n<\/tr>\n<tr>\n<td>Main course<\/td>\n<td>6 pieces<\/td>\n<td>\u00d820cm<\/td>\n<\/tr>\n<tr>\n<td>Saucepan<\/td>\n<td>4 pieces<\/td>\n<td>\u00d810cm<\/td>\n<\/tr>\n<tr>\n<td>Rectangular plate<\/td>\n<td>2 pieces<\/td>\n<td>35\u00d715 cm<\/td>\n<\/tr>\n<tr>\n<td>Dish for crumbs<\/td>\n<td>2 pieces<\/td>\n<td>35\u00d75 cm<\/td>\n<\/tr>\n<\/tbody>\n<\/table>\n<table width=\"497\">\n<tbody>\n<tr>\n<td width=\"250\"><strong>material<\/strong><\/td>\n<td width=\"247\">Ceramics<\/td>\n<\/tr>\n<tr>\n<td><strong>Color<\/strong><\/td>\n<td>Marble, White, Green<\/td>\n<\/tr>\n<\/tbody>\n<\/table>\n<table width=\"469\">\n<tbody>\n<tr>\n<td width=\"181\"><\/td>\n<td width=\"64\">1 package<\/td>\n<td width=\"160\">More than 1 package<\/td>\n<td width=\"64\">Submission<\/td>\n<\/tr>\n<tr>\n<td>Transport in Kosovo<\/td>\n<td>free<\/td>\n<td>free<\/td>\n<td>1 \u2013 2 business days<\/td>\n<\/tr>\n<tr>\n<td>Transport in Albania<\/td>\n<td>5 \u20ac<\/td>\n<td>\u20ac3 per package<\/td>\n<td>2 \u2013 6 business days<\/td>\n<\/tr>\n<tr>\n<td>Transport in Macedonia<\/td>\n<td>5 \u20ac<\/td>\n<td>\u20ac3 per package<\/td>\n<td>2 \u2013 6 business days<\/td>\n<\/tr>\n<\/tbody>\n<\/table>\n<p>&nbsp;<\/p>","protected":false},"featured_media":16292,"template":"","meta":[],"product_brand":[],"product_cat":[32,89],"product_tag":[],"class_list":{"0":"post-16290","1":"product","2":"type-product","3":"status-publish","4":"has-post-thumbnail","6":"product_cat-kuzhine","7":"product_cat-pjata","9":"first","10":"instock","11":"sold-individually","12":"shipping-taxable","13":"purchasable","14":"product-type-simple"},"yoast_head":"<!-- This site is optimized with the Yoast SEO Premium plugin v24.9 (Yoast SEO v27.6) - https:\/\/yoast.com\/product\/yoast-seo-premium-wordpress\/ -->\n<title>Set pjatash \u00e7eramike Violet Bloom - 6 persona - And\u00ebrr Home<\/title>\n<meta name=\"robots\" content=\"index, follow, max-snippet:-1, max-image-preview:large, max-video-preview:-1\" \/>\n<link rel=\"canonical\" href=\"https:\/\/anderr.al\/en\/product\/set-pjatash-ceramike-violet-bloom-6-persona\/\" \/>\n<meta property=\"og:locale\" content=\"en_US\" \/>\n<meta property=\"og:type\" content=\"article\" \/>\n<meta property=\"og:title\" content=\"Set pjatash \u00e7eramike Violet Bloom - 6 persona\" \/>\n<meta property=\"og:description\" content=\"P\u00cbRB\u00cbRJA &amp; P\u00cbRMASAT    P\u00ebrshkrimi Sasia\u00a0 P\u00ebrmasat   Pjata kryesore 6 cop\u00eb \u00d820cm   Pjat\u00ebza p\u00ebr sos 4 cop\u00eb \u00d810cm   Pejata drejt\u00ebk\u00ebnd\u00ebsh 2 cope 35\u00d715 cm   Pjata p\u00ebr grimt\u00ebsira 2 cop\u00eb 35\u00d75 cm       Materiali \u00c7eramik\u00eb   Ngjyra Marble, Bardh\u00eb, Gjelb\u00ebr        1 pako M\u00eb shum\u00eb se 1 pako Dor\u00ebzimi   Transporti n\u00eb Kosov\u00eb Falas Falas 1 - 2 dit\u00eb pune   Transporti n\u00eb Shqip\u00ebri 5 \u20ac 3\u20ac per pako 2 - 6 dit\u00eb pune   Transporti n\u00eb Maqedoni 5 \u20ac 3\u20ac per pako 2 - 6 dit\u00eb pune    &nbsp;\" \/>\n<meta property=\"og:url\" content=\"https:\/\/anderr.al\/en\/product\/set-pjatash-ceramike-violet-bloom-6-persona\/\" \/>\n<meta property=\"og:site_name\" content=\"And\u00ebrr Home\" \/>\n<meta property=\"article:publisher\" content=\"https:\/\/www.facebook.com\/anderrhome\" \/>\n<meta property=\"article:modified_time\" content=\"2025-04-04T05:41:18+00:00\" \/>\n<meta property=\"og:image\" content=\"https:\/\/anderr.al\/wp-content\/uploads\/2025\/03\/12-11.jpg\" \/>\n\t<meta property=\"og:image:width\" content=\"1344\" \/>\n\t<meta property=\"og:image:height\" content=\"1344\" \/>\n\t<meta property=\"og:image:type\" content=\"image\/jpeg\" \/>\n<meta name=\"twitter:card\" content=\"summary_large_image\" \/>\n<script type=\"application\/ld+json\" class=\"yoast-schema-graph\">{\"@context\":\"https:\\\/\\\/schema.org\",\"@graph\":[{\"@type\":\"WebPage\",\"@id\":\"https:\\\/\\\/anderr.al\\\/product\\\/set-pjatash-ceramike-violet-bloom-6-persona\\\/\",\"url\":\"https:\\\/\\\/anderr.al\\\/product\\\/set-pjatash-ceramike-violet-bloom-6-persona\\\/\",\"name\":\"Set pjatash \u00e7eramike Violet Bloom - 6 persona - And\u00ebrr Home\",\"isPartOf\":{\"@id\":\"https:\\\/\\\/anderr.al\\\/mk\\\/#website\"},\"primaryImageOfPage\":{\"@id\":\"https:\\\/\\\/anderr.al\\\/product\\\/set-pjatash-ceramike-violet-bloom-6-persona\\\/#primaryimage\"},\"image\":{\"@id\":\"https:\\\/\\\/anderr.al\\\/product\\\/set-pjatash-ceramike-violet-bloom-6-persona\\\/#primaryimage\"},\"thumbnailUrl\":\"https:\\\/\\\/anderr.al\\\/wp-content\\\/uploads\\\/2025\\\/03\\\/12-11.jpg\",\"datePublished\":\"2025-03-07T08:09:07+00:00\",\"dateModified\":\"2025-04-04T05:41:18+00:00\",\"breadcrumb\":{\"@id\":\"https:\\\/\\\/anderr.al\\\/product\\\/set-pjatash-ceramike-violet-bloom-6-persona\\\/#breadcrumb\"},\"inLanguage\":\"en-US\",\"potentialAction\":[{\"@type\":\"ReadAction\",\"target\":[\"https:\\\/\\\/anderr.al\\\/product\\\/set-pjatash-ceramike-violet-bloom-6-persona\\\/\"]}]},{\"@type\":\"ImageObject\",\"inLanguage\":\"en-US\",\"@id\":\"https:\\\/\\\/anderr.al\\\/product\\\/set-pjatash-ceramike-violet-bloom-6-persona\\\/#primaryimage\",\"url\":\"https:\\\/\\\/anderr.al\\\/wp-content\\\/uploads\\\/2025\\\/03\\\/12-11.jpg\",\"contentUrl\":\"https:\\\/\\\/anderr.al\\\/wp-content\\\/uploads\\\/2025\\\/03\\\/12-11.jpg\",\"width\":1344,\"height\":1344},{\"@type\":\"BreadcrumbList\",\"@id\":\"https:\\\/\\\/anderr.al\\\/product\\\/set-pjatash-ceramike-violet-bloom-6-persona\\\/#breadcrumb\",\"itemListElement\":[{\"@type\":\"ListItem\",\"position\":1,\"name\":\"Home\",\"item\":\"https:\\\/\\\/anderr.al\\\/mk\\\/\"},{\"@type\":\"ListItem\",\"position\":2,\"name\":\"Shop\",\"item\":\"https:\\\/\\\/anderr.al\\\/mk\\\/\"},{\"@type\":\"ListItem\",\"position\":3,\"name\":\"Set pjatash \u00e7eramike Violet Bloom &#8211; 6 persona\"}]},{\"@type\":\"WebSite\",\"@id\":\"https:\\\/\\\/anderr.al\\\/mk\\\/#website\",\"url\":\"https:\\\/\\\/anderr.al\\\/mk\\\/\",\"name\":\"And\u00ebrr Home\",\"description\":\"But\u00ebsi, si n\u00eb And\u00ebrr\",\"publisher\":{\"@id\":\"https:\\\/\\\/anderr.al\\\/mk\\\/#organization\"},\"potentialAction\":[{\"@type\":\"SearchAction\",\"target\":{\"@type\":\"EntryPoint\",\"urlTemplate\":\"https:\\\/\\\/anderr.al\\\/mk\\\/?s={search_term_string}\"},\"query-input\":{\"@type\":\"PropertyValueSpecification\",\"valueRequired\":true,\"valueName\":\"search_term_string\"}}],\"inLanguage\":\"en-US\"},{\"@type\":\"Organization\",\"@id\":\"https:\\\/\\\/anderr.al\\\/mk\\\/#organization\",\"name\":\"And\u00ebrr Home\",\"url\":\"https:\\\/\\\/anderr.al\\\/mk\\\/\",\"logo\":{\"@type\":\"ImageObject\",\"inLanguage\":\"en-US\",\"@id\":\"https:\\\/\\\/anderr.al\\\/mk\\\/#\\\/schema\\\/logo\\\/image\\\/\",\"url\":\"https:\\\/\\\/anderr.al\\\/wp-content\\\/uploads\\\/2023\\\/08\\\/Logo-Transparent.png\",\"contentUrl\":\"https:\\\/\\\/anderr.al\\\/wp-content\\\/uploads\\\/2023\\\/08\\\/Logo-Transparent.png\",\"width\":500,\"height\":500,\"caption\":\"And\u00ebrr Home\"},\"image\":{\"@id\":\"https:\\\/\\\/anderr.al\\\/mk\\\/#\\\/schema\\\/logo\\\/image\\\/\"},\"sameAs\":[\"https:\\\/\\\/www.facebook.com\\\/anderrhome\",\"https:\\\/\\\/www.instagram.com\\\/anderrhome\\\/\"],\"foundingDate\":\"2021-02-10\",\"numberOfEmployees\":{\"@type\":\"QuantitativeValue\",\"minValue\":\"1\",\"maxValue\":\"10\"}}]}<\/script>\n<!-- \/ Yoast SEO Premium plugin. -->","yoast_head_json":{"title":"Set pjatash \u00e7eramike Violet Bloom - 6 persona - And\u00ebrr Home","robots":{"index":"index","follow":"follow","max-snippet":"max-snippet:-1","max-image-preview":"max-image-preview:large","max-video-preview":"max-video-preview:-1"},"canonical":"https:\/\/anderr.al\/en\/product\/set-pjatash-ceramike-violet-bloom-6-persona\/","og_locale":"en_US","og_type":"article","og_title":"Set pjatash \u00e7eramike Violet Bloom - 6 persona","og_description":"P\u00cbRB\u00cbRJA &amp; P\u00cbRMASAT    P\u00ebrshkrimi Sasia\u00a0 P\u00ebrmasat   Pjata kryesore 6 cop\u00eb \u00d820cm   Pjat\u00ebza p\u00ebr sos 4 cop\u00eb \u00d810cm   Pejata drejt\u00ebk\u00ebnd\u00ebsh 2 cope 35\u00d715 cm   Pjata p\u00ebr grimt\u00ebsira 2 cop\u00eb 35\u00d75 cm       Materiali \u00c7eramik\u00eb   Ngjyra Marble, Bardh\u00eb, Gjelb\u00ebr        1 pako M\u00eb shum\u00eb se 1 pako Dor\u00ebzimi   Transporti n\u00eb Kosov\u00eb Falas Falas 1 - 2 dit\u00eb pune   Transporti n\u00eb Shqip\u00ebri 5 \u20ac 3\u20ac per pako 2 - 6 dit\u00eb pune   Transporti n\u00eb Maqedoni 5 \u20ac 3\u20ac per pako 2 - 6 dit\u00eb pune    &nbsp;","og_url":"https:\/\/anderr.al\/en\/product\/set-pjatash-ceramike-violet-bloom-6-persona\/","og_site_name":"And\u00ebrr Home","article_publisher":"https:\/\/www.facebook.com\/anderrhome","article_modified_time":"2025-04-04T05:41:18+00:00","og_image":[{"width":1344,"height":1344,"url":"https:\/\/anderr.al\/wp-content\/uploads\/2025\/03\/12-11.jpg","type":"image\/jpeg"}],"twitter_card":"summary_large_image","schema":{"@context":"https:\/\/schema.org","@graph":[{"@type":"WebPage","@id":"https:\/\/anderr.al\/product\/set-pjatash-ceramike-violet-bloom-6-persona\/","url":"https:\/\/anderr.al\/product\/set-pjatash-ceramike-violet-bloom-6-persona\/","name":"Set pjatash \u00e7eramike Violet Bloom - 6 persona - And\u00ebrr Home","isPartOf":{"@id":"https:\/\/anderr.al\/mk\/#website"},"primaryImageOfPage":{"@id":"https:\/\/anderr.al\/product\/set-pjatash-ceramike-violet-bloom-6-persona\/#primaryimage"},"image":{"@id":"https:\/\/anderr.al\/product\/set-pjatash-ceramike-violet-bloom-6-persona\/#primaryimage"},"thumbnailUrl":"https:\/\/anderr.al\/wp-content\/uploads\/2025\/03\/12-11.jpg","datePublished":"2025-03-07T08:09:07+00:00","dateModified":"2025-04-04T05:41:18+00:00","breadcrumb":{"@id":"https:\/\/anderr.al\/product\/set-pjatash-ceramike-violet-bloom-6-persona\/#breadcrumb"},"inLanguage":"en-US","potentialAction":[{"@type":"ReadAction","target":["https:\/\/anderr.al\/product\/set-pjatash-ceramike-violet-bloom-6-persona\/"]}]},{"@type":"ImageObject","inLanguage":"en-US","@id":"https:\/\/anderr.al\/product\/set-pjatash-ceramike-violet-bloom-6-persona\/#primaryimage","url":"https:\/\/anderr.al\/wp-content\/uploads\/2025\/03\/12-11.jpg","contentUrl":"https:\/\/anderr.al\/wp-content\/uploads\/2025\/03\/12-11.jpg","width":1344,"height":1344},{"@type":"BreadcrumbList","@id":"https:\/\/anderr.al\/product\/set-pjatash-ceramike-violet-bloom-6-persona\/#breadcrumb","itemListElement":[{"@type":"ListItem","position":1,"name":"Home","item":"https:\/\/anderr.al\/mk\/"},{"@type":"ListItem","position":2,"name":"Shop","item":"https:\/\/anderr.al\/mk\/"},{"@type":"ListItem","position":3,"name":"Set pjatash \u00e7eramike Violet Bloom &#8211; 6 persona"}]},{"@type":"WebSite","@id":"https:\/\/anderr.al\/mk\/#website","url":"https:\/\/anderr.al\/mk\/","name":"Dream Home","description":"But\u00ebsi, si n\u00eb And\u00ebrr","publisher":{"@id":"https:\/\/anderr.al\/mk\/#organization"},"potentialAction":[{"@type":"SearchAction","target":{"@type":"EntryPoint","urlTemplate":"https:\/\/anderr.al\/mk\/?s={search_term_string}"},"query-input":{"@type":"PropertyValueSpecification","valueRequired":true,"valueName":"search_term_string"}}],"inLanguage":"en-US"},{"@type":"Organization","@id":"https:\/\/anderr.al\/mk\/#organization","name":"Dream Home","url":"https:\/\/anderr.al\/mk\/","logo":{"@type":"ImageObject","inLanguage":"en-US","@id":"https:\/\/anderr.al\/mk\/#\/schema\/logo\/image\/","url":"https:\/\/anderr.al\/wp-content\/uploads\/2023\/08\/Logo-Transparent.png","contentUrl":"https:\/\/anderr.al\/wp-content\/uploads\/2023\/08\/Logo-Transparent.png","width":500,"height":500,"caption":"And\u00ebrr Home"},"image":{"@id":"https:\/\/anderr.al\/mk\/#\/schema\/logo\/image\/"},"sameAs":["https:\/\/www.facebook.com\/anderrhome","https:\/\/www.instagram.com\/anderrhome\/"],"foundingDate":"2021-02-10","numberOfEmployees":{"@type":"QuantitativeValue","minValue":"1","maxValue":"10"}}]}},"_links":{"self":[{"href":"https:\/\/anderr.al\/en\/wp-json\/wp\/v2\/product\/16290","targetHints":{"allow":["GET"]}}],"collection":[{"href":"https:\/\/anderr.al\/en\/wp-json\/wp\/v2\/product"}],"about":[{"href":"https:\/\/anderr.al\/en\/wp-json\/wp\/v2\/types\/product"}],"version-history":[{"count":1,"href":"https:\/\/anderr.al\/en\/wp-json\/wp\/v2\/product\/16290\/revisions"}],"predecessor-version":[{"id":16579,"href":"https:\/\/anderr.al\/en\/wp-json\/wp\/v2\/product\/16290\/revisions\/16579"}],"wp:featuredmedia":[{"embeddable":true,"href":"https:\/\/anderr.al\/en\/wp-json\/wp\/v2\/media\/16292"}],"wp:attachment":[{"href":"https:\/\/anderr.al\/en\/wp-json\/wp\/v2\/media?parent=16290"}],"wp:term":[{"taxonomy":"product_brand","embeddable":true,"href":"https:\/\/anderr.al\/en\/wp-json\/wp\/v2\/product_brand?post=16290"},{"taxonomy":"product_cat","embeddable":true,"href":"https:\/\/anderr.al\/en\/wp-json\/wp\/v2\/product_cat?post=16290"},{"taxonomy":"product_tag","embeddable":true,"href":"https:\/\/anderr.al\/en\/wp-json\/wp\/v2\/product_tag?post=16290"}],"curies":[{"name":"wp","href":"https:\/\/api.w.org\/{rel}","templated":true}]}}