{"id":16232,"date":"2025-03-05T22:15:42","date_gmt":"2025-03-05T22:15:42","guid":{"rendered":"https:\/\/anderr.al\/?post_type=product&#038;p=16232"},"modified":"2025-04-04T05:44:52","modified_gmt":"2025-04-04T05:44:52","slug":"set-gote-qelqi-310ml-6-cope","status":"publish","type":"product","link":"https:\/\/anderr.al\/en\/product\/set-gote-qelqi-310ml-6-cope\/","title":{"rendered":"Glass tumbler set 310ml \u2013 6 pieces"},"content":{"rendered":"","protected":false},"excerpt":{"rendered":"<table width=\"615\">\n<tbody>\n<tr>\n<td colspan=\"2\" width=\"497\"><strong>COMPOSITION &amp; DIMENSIONS<\/strong><\/td>\n<td width=\"118\"><\/td>\n<\/tr>\n<tr>\n<td><strong>Description<\/strong><\/td>\n<td><strong>amount\u00a0<\/strong><\/td>\n<td><strong>Dimensions<\/strong><\/td>\n<\/tr>\n<tr>\n<td>Glass cup<\/td>\n<td>6 pieces<\/td>\n<td>310ml<\/td>\n<\/tr>\n<\/tbody>\n<\/table>\n<table width=\"497\">\n<tbody>\n<tr>\n<td width=\"250\"><strong>material<\/strong><\/td>\n<td width=\"247\">Glass<\/td>\n<\/tr>\n<tr>\n<td><strong>Color<\/strong><\/td>\n<td>Transparent<\/td>\n<\/tr>\n<\/tbody>\n<\/table>\n<table width=\"518\">\n<tbody>\n<tr>\n<td width=\"196\"><\/td>\n<td width=\"119\">Up to 3 packages<\/td>\n<td width=\"139\">More than 3 packages<\/td>\n<td width=\"64\">Submission<\/td>\n<\/tr>\n<tr>\n<td>Transport in Kosovo<\/td>\n<td>free<\/td>\n<td>free<\/td>\n<td>1 \u2013 2 business days<\/td>\n<\/tr>\n<tr>\n<td>Transport in Albania<\/td>\n<td>3 \u20ac<\/td>\n<td>6 \u20ac<\/td>\n<td>2 \u2013 6 business days<\/td>\n<\/tr>\n<tr>\n<td>Transport in Macedonia<\/td>\n<td>3 \u20ac<\/td>\n<td>6 \u20ac<\/td>\n<td>2 \u2013 6 business days<\/td>\n<\/tr>\n<\/tbody>\n<\/table>\n<p>&nbsp;<\/p>","protected":false},"featured_media":16235,"template":"","meta":[],"product_brand":[],"product_cat":[93,32],"product_tag":[],"class_list":{"0":"post-16232","1":"product","2":"type-product","3":"status-publish","4":"has-post-thumbnail","6":"product_cat-gota-qelqi","7":"product_cat-kuzhine","9":"first","10":"instock","11":"sold-individually","12":"shipping-taxable","13":"purchasable","14":"product-type-simple"},"yoast_head":"<!-- This site is optimized with the Yoast SEO Premium plugin v24.9 (Yoast SEO v27.6) - https:\/\/yoast.com\/product\/yoast-seo-premium-wordpress\/ -->\n<title>Set got\u00eb qelqi 310ml - 6 cop\u00eb - And\u00ebrr Home<\/title>\n<meta name=\"robots\" content=\"index, follow, max-snippet:-1, max-image-preview:large, max-video-preview:-1\" \/>\n<link rel=\"canonical\" href=\"https:\/\/anderr.al\/en\/product\/set-gote-qelqi-310ml-6-cope\/\" \/>\n<meta property=\"og:locale\" content=\"en_US\" \/>\n<meta property=\"og:type\" content=\"article\" \/>\n<meta property=\"og:title\" content=\"Set got\u00eb qelqi 310ml - 6 cop\u00eb\" \/>\n<meta property=\"og:description\" content=\"P\u00cbRB\u00cbRJA &amp; P\u00cbRMASAT    P\u00ebrshkrimi Sasia\u00a0 P\u00ebrmasat   Got\u00eb qelqi 6 cop\u00eb 310ml       Materiali Qelq   Ngjyra Transparent        Deri n\u00eb 3 pako M\u00eb shum\u00eb se 3 pako Dor\u00ebzimi   Transporti n\u00eb Kosov\u00eb Falas Falas 1 - 2 dit\u00eb pune   Transporti n\u00eb Shqip\u00ebri 3 \u20ac 6 \u20ac 2 - 6 dit\u00eb pune   Transporti n\u00eb Maqedoni 3 \u20ac 6 \u20ac 2 - 6 dit\u00eb pune    &nbsp;\" \/>\n<meta property=\"og:url\" content=\"https:\/\/anderr.al\/en\/product\/set-gote-qelqi-310ml-6-cope\/\" \/>\n<meta property=\"og:site_name\" content=\"And\u00ebrr Home\" \/>\n<meta property=\"article:publisher\" content=\"https:\/\/www.facebook.com\/anderrhome\" \/>\n<meta property=\"article:modified_time\" content=\"2025-04-04T05:44:52+00:00\" \/>\n<meta property=\"og:image\" content=\"https:\/\/anderr.al\/wp-content\/uploads\/2025\/03\/Schermafbeelding-2022-05-03-om-13.53.35.png\" \/>\n\t<meta property=\"og:image:width\" content=\"997\" \/>\n\t<meta property=\"og:image:height\" content=\"912\" \/>\n\t<meta property=\"og:image:type\" content=\"image\/png\" \/>\n<meta name=\"twitter:card\" content=\"summary_large_image\" \/>\n<script type=\"application\/ld+json\" class=\"yoast-schema-graph\">{\"@context\":\"https:\\\/\\\/schema.org\",\"@graph\":[{\"@type\":\"WebPage\",\"@id\":\"https:\\\/\\\/anderr.al\\\/product\\\/set-gote-qelqi-310ml-6-cope\\\/\",\"url\":\"https:\\\/\\\/anderr.al\\\/product\\\/set-gote-qelqi-310ml-6-cope\\\/\",\"name\":\"Set got\u00eb qelqi 310ml - 6 cop\u00eb - And\u00ebrr Home\",\"isPartOf\":{\"@id\":\"https:\\\/\\\/anderr.al\\\/mk\\\/#website\"},\"primaryImageOfPage\":{\"@id\":\"https:\\\/\\\/anderr.al\\\/product\\\/set-gote-qelqi-310ml-6-cope\\\/#primaryimage\"},\"image\":{\"@id\":\"https:\\\/\\\/anderr.al\\\/product\\\/set-gote-qelqi-310ml-6-cope\\\/#primaryimage\"},\"thumbnailUrl\":\"https:\\\/\\\/anderr.al\\\/wp-content\\\/uploads\\\/2025\\\/03\\\/Schermafbeelding-2022-05-03-om-13.53.35.png\",\"datePublished\":\"2025-03-05T22:15:42+00:00\",\"dateModified\":\"2025-04-04T05:44:52+00:00\",\"breadcrumb\":{\"@id\":\"https:\\\/\\\/anderr.al\\\/product\\\/set-gote-qelqi-310ml-6-cope\\\/#breadcrumb\"},\"inLanguage\":\"en-US\",\"potentialAction\":[{\"@type\":\"ReadAction\",\"target\":[\"https:\\\/\\\/anderr.al\\\/product\\\/set-gote-qelqi-310ml-6-cope\\\/\"]}]},{\"@type\":\"ImageObject\",\"inLanguage\":\"en-US\",\"@id\":\"https:\\\/\\\/anderr.al\\\/product\\\/set-gote-qelqi-310ml-6-cope\\\/#primaryimage\",\"url\":\"https:\\\/\\\/anderr.al\\\/wp-content\\\/uploads\\\/2025\\\/03\\\/Schermafbeelding-2022-05-03-om-13.53.35.png\",\"contentUrl\":\"https:\\\/\\\/anderr.al\\\/wp-content\\\/uploads\\\/2025\\\/03\\\/Schermafbeelding-2022-05-03-om-13.53.35.png\",\"width\":997,\"height\":912},{\"@type\":\"BreadcrumbList\",\"@id\":\"https:\\\/\\\/anderr.al\\\/product\\\/set-gote-qelqi-310ml-6-cope\\\/#breadcrumb\",\"itemListElement\":[{\"@type\":\"ListItem\",\"position\":1,\"name\":\"Home\",\"item\":\"https:\\\/\\\/anderr.al\\\/mk\\\/\"},{\"@type\":\"ListItem\",\"position\":2,\"name\":\"Shop\",\"item\":\"https:\\\/\\\/anderr.al\\\/mk\\\/\"},{\"@type\":\"ListItem\",\"position\":3,\"name\":\"Set got\u00eb qelqi 310ml &#8211; 6 cop\u00eb\"}]},{\"@type\":\"WebSite\",\"@id\":\"https:\\\/\\\/anderr.al\\\/mk\\\/#website\",\"url\":\"https:\\\/\\\/anderr.al\\\/mk\\\/\",\"name\":\"And\u00ebrr Home\",\"description\":\"But\u00ebsi, si n\u00eb And\u00ebrr\",\"publisher\":{\"@id\":\"https:\\\/\\\/anderr.al\\\/mk\\\/#organization\"},\"potentialAction\":[{\"@type\":\"SearchAction\",\"target\":{\"@type\":\"EntryPoint\",\"urlTemplate\":\"https:\\\/\\\/anderr.al\\\/mk\\\/?s={search_term_string}\"},\"query-input\":{\"@type\":\"PropertyValueSpecification\",\"valueRequired\":true,\"valueName\":\"search_term_string\"}}],\"inLanguage\":\"en-US\"},{\"@type\":\"Organization\",\"@id\":\"https:\\\/\\\/anderr.al\\\/mk\\\/#organization\",\"name\":\"And\u00ebrr Home\",\"url\":\"https:\\\/\\\/anderr.al\\\/mk\\\/\",\"logo\":{\"@type\":\"ImageObject\",\"inLanguage\":\"en-US\",\"@id\":\"https:\\\/\\\/anderr.al\\\/mk\\\/#\\\/schema\\\/logo\\\/image\\\/\",\"url\":\"https:\\\/\\\/anderr.al\\\/wp-content\\\/uploads\\\/2023\\\/08\\\/Logo-Transparent.png\",\"contentUrl\":\"https:\\\/\\\/anderr.al\\\/wp-content\\\/uploads\\\/2023\\\/08\\\/Logo-Transparent.png\",\"width\":500,\"height\":500,\"caption\":\"And\u00ebrr Home\"},\"image\":{\"@id\":\"https:\\\/\\\/anderr.al\\\/mk\\\/#\\\/schema\\\/logo\\\/image\\\/\"},\"sameAs\":[\"https:\\\/\\\/www.facebook.com\\\/anderrhome\",\"https:\\\/\\\/www.instagram.com\\\/anderrhome\\\/\"],\"foundingDate\":\"2021-02-10\",\"numberOfEmployees\":{\"@type\":\"QuantitativeValue\",\"minValue\":\"1\",\"maxValue\":\"10\"}}]}<\/script>\n<!-- \/ Yoast SEO Premium plugin. -->","yoast_head_json":{"title":"Set got\u00eb qelqi 310ml - 6 cop\u00eb - And\u00ebrr Home","robots":{"index":"index","follow":"follow","max-snippet":"max-snippet:-1","max-image-preview":"max-image-preview:large","max-video-preview":"max-video-preview:-1"},"canonical":"https:\/\/anderr.al\/en\/product\/set-gote-qelqi-310ml-6-cope\/","og_locale":"en_US","og_type":"article","og_title":"Set got\u00eb qelqi 310ml - 6 cop\u00eb","og_description":"P\u00cbRB\u00cbRJA &amp; P\u00cbRMASAT    P\u00ebrshkrimi Sasia\u00a0 P\u00ebrmasat   Got\u00eb qelqi 6 cop\u00eb 310ml       Materiali Qelq   Ngjyra Transparent        Deri n\u00eb 3 pako M\u00eb shum\u00eb se 3 pako Dor\u00ebzimi   Transporti n\u00eb Kosov\u00eb Falas Falas 1 - 2 dit\u00eb pune   Transporti n\u00eb Shqip\u00ebri 3 \u20ac 6 \u20ac 2 - 6 dit\u00eb pune   Transporti n\u00eb Maqedoni 3 \u20ac 6 \u20ac 2 - 6 dit\u00eb pune    &nbsp;","og_url":"https:\/\/anderr.al\/en\/product\/set-gote-qelqi-310ml-6-cope\/","og_site_name":"And\u00ebrr Home","article_publisher":"https:\/\/www.facebook.com\/anderrhome","article_modified_time":"2025-04-04T05:44:52+00:00","og_image":[{"width":997,"height":912,"url":"https:\/\/anderr.al\/wp-content\/uploads\/2025\/03\/Schermafbeelding-2022-05-03-om-13.53.35.png","type":"image\/png"}],"twitter_card":"summary_large_image","schema":{"@context":"https:\/\/schema.org","@graph":[{"@type":"WebPage","@id":"https:\/\/anderr.al\/product\/set-gote-qelqi-310ml-6-cope\/","url":"https:\/\/anderr.al\/product\/set-gote-qelqi-310ml-6-cope\/","name":"Set got\u00eb qelqi 310ml - 6 cop\u00eb - And\u00ebrr Home","isPartOf":{"@id":"https:\/\/anderr.al\/mk\/#website"},"primaryImageOfPage":{"@id":"https:\/\/anderr.al\/product\/set-gote-qelqi-310ml-6-cope\/#primaryimage"},"image":{"@id":"https:\/\/anderr.al\/product\/set-gote-qelqi-310ml-6-cope\/#primaryimage"},"thumbnailUrl":"https:\/\/anderr.al\/wp-content\/uploads\/2025\/03\/Schermafbeelding-2022-05-03-om-13.53.35.png","datePublished":"2025-03-05T22:15:42+00:00","dateModified":"2025-04-04T05:44:52+00:00","breadcrumb":{"@id":"https:\/\/anderr.al\/product\/set-gote-qelqi-310ml-6-cope\/#breadcrumb"},"inLanguage":"en-US","potentialAction":[{"@type":"ReadAction","target":["https:\/\/anderr.al\/product\/set-gote-qelqi-310ml-6-cope\/"]}]},{"@type":"ImageObject","inLanguage":"en-US","@id":"https:\/\/anderr.al\/product\/set-gote-qelqi-310ml-6-cope\/#primaryimage","url":"https:\/\/anderr.al\/wp-content\/uploads\/2025\/03\/Schermafbeelding-2022-05-03-om-13.53.35.png","contentUrl":"https:\/\/anderr.al\/wp-content\/uploads\/2025\/03\/Schermafbeelding-2022-05-03-om-13.53.35.png","width":997,"height":912},{"@type":"BreadcrumbList","@id":"https:\/\/anderr.al\/product\/set-gote-qelqi-310ml-6-cope\/#breadcrumb","itemListElement":[{"@type":"ListItem","position":1,"name":"Home","item":"https:\/\/anderr.al\/mk\/"},{"@type":"ListItem","position":2,"name":"Shop","item":"https:\/\/anderr.al\/mk\/"},{"@type":"ListItem","position":3,"name":"Set got\u00eb qelqi 310ml &#8211; 6 cop\u00eb"}]},{"@type":"WebSite","@id":"https:\/\/anderr.al\/mk\/#website","url":"https:\/\/anderr.al\/mk\/","name":"Dream Home","description":"But\u00ebsi, si n\u00eb And\u00ebrr","publisher":{"@id":"https:\/\/anderr.al\/mk\/#organization"},"potentialAction":[{"@type":"SearchAction","target":{"@type":"EntryPoint","urlTemplate":"https:\/\/anderr.al\/mk\/?s={search_term_string}"},"query-input":{"@type":"PropertyValueSpecification","valueRequired":true,"valueName":"search_term_string"}}],"inLanguage":"en-US"},{"@type":"Organization","@id":"https:\/\/anderr.al\/mk\/#organization","name":"Dream Home","url":"https:\/\/anderr.al\/mk\/","logo":{"@type":"ImageObject","inLanguage":"en-US","@id":"https:\/\/anderr.al\/mk\/#\/schema\/logo\/image\/","url":"https:\/\/anderr.al\/wp-content\/uploads\/2023\/08\/Logo-Transparent.png","contentUrl":"https:\/\/anderr.al\/wp-content\/uploads\/2023\/08\/Logo-Transparent.png","width":500,"height":500,"caption":"And\u00ebrr Home"},"image":{"@id":"https:\/\/anderr.al\/mk\/#\/schema\/logo\/image\/"},"sameAs":["https:\/\/www.facebook.com\/anderrhome","https:\/\/www.instagram.com\/anderrhome\/"],"foundingDate":"2021-02-10","numberOfEmployees":{"@type":"QuantitativeValue","minValue":"1","maxValue":"10"}}]}},"_links":{"self":[{"href":"https:\/\/anderr.al\/en\/wp-json\/wp\/v2\/product\/16232","targetHints":{"allow":["GET"]}}],"collection":[{"href":"https:\/\/anderr.al\/en\/wp-json\/wp\/v2\/product"}],"about":[{"href":"https:\/\/anderr.al\/en\/wp-json\/wp\/v2\/types\/product"}],"version-history":[{"count":1,"href":"https:\/\/anderr.al\/en\/wp-json\/wp\/v2\/product\/16232\/revisions"}],"predecessor-version":[{"id":16590,"href":"https:\/\/anderr.al\/en\/wp-json\/wp\/v2\/product\/16232\/revisions\/16590"}],"wp:featuredmedia":[{"embeddable":true,"href":"https:\/\/anderr.al\/en\/wp-json\/wp\/v2\/media\/16235"}],"wp:attachment":[{"href":"https:\/\/anderr.al\/en\/wp-json\/wp\/v2\/media?parent=16232"}],"wp:term":[{"taxonomy":"product_brand","embeddable":true,"href":"https:\/\/anderr.al\/en\/wp-json\/wp\/v2\/product_brand?post=16232"},{"taxonomy":"product_cat","embeddable":true,"href":"https:\/\/anderr.al\/en\/wp-json\/wp\/v2\/product_cat?post=16232"},{"taxonomy":"product_tag","embeddable":true,"href":"https:\/\/anderr.al\/en\/wp-json\/wp\/v2\/product_tag?post=16232"}],"curies":[{"name":"wp","href":"https:\/\/api.w.org\/{rel}","templated":true}]}}